{"id":8806,"date":"2017-02-21T21:41:23","date_gmt":"2017-02-21T19:41:23","guid":{"rendered":"http:\/\/www.bielypotok.eu\/?page_id=8806"},"modified":"2017-02-21T21:41:55","modified_gmt":"2017-02-21T19:41:55","slug":"belanske-ladove-medvede-2017-hrabovo","status":"publish","type":"page","link":"https:\/\/www.bielypotok.eu\/?page_id=8806","title":{"rendered":"Belansk\u00e9 \u013eadov\u00e9 medvede 2017 &#8211; Hrabovo"},"content":{"rendered":"<h4>19. febru\u00e1r&nbsp;2017<\/h4>\nngg_shortcode_0_placeholder\n","protected":false},"excerpt":{"rendered":"<p>19. febru\u00e1r&nbsp;2017<\/p>\n","protected":false},"author":1,"featured_media":0,"parent":183,"menu_order":0,"comment_status":"closed","ping_status":"closed","template":"","meta":{"ngg_post_thumbnail":0,"jetpack_post_was_ever_published":false,"footnotes":""},"class_list":["post-8806","page","type-page","status-publish","hentry"],"jetpack_shortlink":"https:\/\/wp.me\/P2I76G-2i2","jetpack_sharing_enabled":true,"_links":{"self":[{"href":"https:\/\/www.bielypotok.eu\/index.php?rest_route=\/wp\/v2\/pages\/8806","targetHints":{"allow":["GET"]}}],"collection":[{"href":"https:\/\/www.bielypotok.eu\/index.php?rest_route=\/wp\/v2\/pages"}],"about":[{"href":"https:\/\/www.bielypotok.eu\/index.php?rest_route=\/wp\/v2\/types\/page"}],"author":[{"embeddable":true,"href":"https:\/\/www.bielypotok.eu\/index.php?rest_route=\/wp\/v2\/users\/1"}],"replies":[{"embeddable":true,"href":"https:\/\/www.bielypotok.eu\/index.php?rest_route=%2Fwp%2Fv2%2Fcomments&post=8806"}],"version-history":[{"count":2,"href":"https:\/\/www.bielypotok.eu\/index.php?rest_route=\/wp\/v2\/pages\/8806\/revisions"}],"predecessor-version":[{"id":8808,"href":"https:\/\/www.bielypotok.eu\/index.php?rest_route=\/wp\/v2\/pages\/8806\/revisions\/8808"}],"up":[{"embeddable":true,"href":"https:\/\/www.bielypotok.eu\/index.php?rest_route=\/wp\/v2\/pages\/183"}],"wp:attachment":[{"href":"https:\/\/www.bielypotok.eu\/index.php?rest_route=%2Fwp%2Fv2%2Fmedia&parent=8806"}],"curies":[{"name":"wp","href":"https:\/\/api.w.org\/{rel}","templated":true}]}}