{"id":719,"date":"2012-09-10T22:43:42","date_gmt":"2012-09-10T22:43:42","guid":{"rendered":"http:\/\/www.bielypotok.eu\/?page_id=719"},"modified":"2013-08-29T21:35:31","modified_gmt":"2013-08-29T19:35:31","slug":"vystup-na-ostro","status":"publish","type":"page","link":"https:\/\/www.bielypotok.eu\/?page_id=719","title":{"rendered":"V\u00fdstup na Ostr\u00f4"},"content":{"rendered":"<h4><span style=\"color: #3366ff;\">24. &#8211; 25. august 2012<\/span><\/h4>\n<p>Pri pr\u00edle\u017eitosti\u00a0<strong>v\u00fdro\u010dia SNP Ly\u017eiarsky klub v\u00a0Bielom Potoku<\/strong>\u00a0zorganizoval\u00a0<strong>v\u00a0d\u0148och 24. a\u00a025. augusta 2012 tradi\u010dn\u00fd v\u00fdstup na Ostr\u00f4.\u00a0<\/strong>Vrchol na juhov\u00fdchodnom okraji Ru\u017eomberka zohral v\u00fdznamn\u00fa \u00falohu v bojoch po\u010das Slovensk\u00e9ho n\u00e1rodn\u00e9ho povstania.<\/p>\n<p>V\u00a0piatok 24. augusta \u00fa\u010dastn\u00edci v\u00fdstupu str\u00e1vili noc pri vatre pod vrcholom Ostr\u00e9ho na po\u013eane Polianky. Tepl\u00fa letn\u00fa noc pri vatre a hudbe si vychutn\u00e1valo\u00a0<strong>okolo 43 turistov<\/strong>. Samozrejme, tak ako po minul\u00e9 roky os\u00e1dku stanov\u00e9ho t\u00e1bora \u00a0tvorili oteckovia \u00a0a\u00a0ich ratolesti. Tento rok pri\u0161lo\u00a0<strong>a\u017e 16 det\u00ed<\/strong>. Pre deti boli pripraven\u00e9 r\u00f4zne\u00a0<strong>z\u00e1bavn\u00e9 aktivity<\/strong>, ako skok\u00a0<strong>do sena, preskakovanie vatry, opeka\u010dka<\/strong>. T\u00ed najstato\u010dnej\u0161\u00ed o polnoci podst\u00fapili sk\u00fa\u0161ku odvahy a\u00a0podnikli no\u010dn\u00fd \u00fatok na vrchol Ostr\u00e9ho. Po stra\u0161idelnej ceste nakoniec premohli svojich stra\u0161iakov a dobili vrchol.\u00a0<strong>\u00dalohu splnilo 9 det\u00ed Krist\u00ednka, Erika, Francisca, Darinka, Zuzanka, Nikolka, Pa\u0165ka, Jojo.<\/strong>\u00a0Za odvahu si zasl\u00fa\u017eia pochvalu.<\/p>\n<p>Na druh\u00fd de\u0148 v\u00a0sobotu 25. augusta o\u00a012.00 hod. sme podnikli \u00fatok na vrchol spolu s ostatn\u00fdmi. Celkovo pri\u0161lo\u00a0<strong>viac ako 90 \u00fa\u010dastn\u00edkov<\/strong>.\u00a0 Pre v\u0161etk\u00fdch, ktor\u00fd nelenili doma ale pri\u0161li\u00a0 a\u00a0vykonali nie\u010do pre zdravie,\u00a0<strong>Ly\u017eiarsky klub pripravil v\u00a0are\u00e1li\u00a0 pri ly\u017eiarskom vleku ob\u010derstvenie a\u00a0gul\u00e1\u0161.<\/strong><\/p>\n<p><strong><a title=\"plag\u00e1t\" href=\"http:\/\/www.bielypotok.eu\/wp-content\/uploads\/plagat-ostro.pdf\" target=\"_blank\">Pozrite si plag\u00e1t ku akcii<\/a><\/strong><\/p>\nngg_shortcode_0_placeholder\n","protected":false},"excerpt":{"rendered":"<p>24. &#8211; 25. august 2012 Pri pr\u00edle\u017eitosti\u00a0v\u00fdro\u010dia SNP Ly\u017eiarsky klub v\u00a0Bielom Potoku\u00a0zorganizoval\u00a0v\u00a0d\u0148och 24. a\u00a025. augusta 2012 tradi\u010dn\u00fd v\u00fdstup na Ostr\u00f4.\u00a0Vrchol na juhov\u00fdchodnom okraji Ru\u017eomberka zohral v\u00fdznamn\u00fa \u00falohu v bojoch po\u010das Slovensk\u00e9ho n\u00e1rodn\u00e9ho povstania. V\u00a0piatok 24. augusta \u00fa\u010dastn\u00edci v\u00fdstupu str\u00e1vili noc pri vatre pod vrcholom Ostr\u00e9ho na po\u013eane Polianky. Tepl\u00fa letn\u00fa &#8230;<\/p>\n","protected":false},"author":1,"featured_media":0,"parent":110,"menu_order":9,"comment_status":"open","ping_status":"open","template":"","meta":{"ngg_post_thumbnail":0,"jetpack_post_was_ever_published":false,"footnotes":""},"class_list":["post-719","page","type-page","status-publish","hentry"],"jetpack_shortlink":"https:\/\/wp.me\/P2I76G-bB","jetpack_sharing_enabled":true,"_links":{"self":[{"href":"https:\/\/www.bielypotok.eu\/index.php?rest_route=\/wp\/v2\/pages\/719","targetHints":{"allow":["GET"]}}],"collection":[{"href":"https:\/\/www.bielypotok.eu\/index.php?rest_route=\/wp\/v2\/pages"}],"about":[{"href":"https:\/\/www.bielypotok.eu\/index.php?rest_route=\/wp\/v2\/types\/page"}],"author":[{"embeddable":true,"href":"https:\/\/www.bielypotok.eu\/index.php?rest_route=\/wp\/v2\/users\/1"}],"replies":[{"embeddable":true,"href":"https:\/\/www.bielypotok.eu\/index.php?rest_route=%2Fwp%2Fv2%2Fcomments&post=719"}],"version-history":[{"count":5,"href":"https:\/\/www.bielypotok.eu\/index.php?rest_route=\/wp\/v2\/pages\/719\/revisions"}],"predecessor-version":[{"id":726,"href":"https:\/\/www.bielypotok.eu\/index.php?rest_route=\/wp\/v2\/pages\/719\/revisions\/726"}],"up":[{"embeddable":true,"href":"https:\/\/www.bielypotok.eu\/index.php?rest_route=\/wp\/v2\/pages\/110"}],"wp:attachment":[{"href":"https:\/\/www.bielypotok.eu\/index.php?rest_route=%2Fwp%2Fv2%2Fmedia&parent=719"}],"curies":[{"name":"wp","href":"https:\/\/api.w.org\/{rel}","templated":true}]}}