{"id":666,"date":"2012-09-06T17:54:45","date_gmt":"2012-09-06T17:54:45","guid":{"rendered":"http:\/\/www.bielypotok.eu\/?page_id=666"},"modified":"2026-02-01T17:27:29","modified_gmt":"2026-02-01T15:27:29","slug":"bielopotocky-ples","status":"publish","type":"page","link":"https:\/\/www.bielypotok.eu\/?page_id=666","title":{"rendered":"Bielopotock\u00fd ples"},"content":{"rendered":"<h4><span style=\"color: #3366ff;\">17. janu\u00e1r 2026<\/span><\/h4>\nngg_shortcode_0_placeholder\n<h4><span style=\"color: #3366ff;\">21. janu\u00e1r 2023<\/span><\/h4>\nngg_shortcode_1_placeholder\n<h4><span style=\"color: #3366ff;\">25. janu\u00e1r 2020<\/span><\/h4>\nngg_shortcode_2_placeholder\n<h4><span style=\"color: #3366ff;\">02. febru\u00e1r&nbsp;2019<\/span><\/h4>\nngg_shortcode_3_placeholder\n<h4><span style=\"color: #3366ff;\">03. febru\u00e1r&nbsp;2018<\/span><\/h4>\nngg_shortcode_4_placeholder\n<h4><span style=\"color: #3366ff;\">04. febru\u00e1r&nbsp;2017<\/span><\/h4>\nngg_shortcode_5_placeholder\n<h4><span style=\"color: #3366ff;\">16. janu\u00e1r 2016<\/span><\/h4>\nngg_shortcode_6_placeholder\n<h4><span style=\"color: #3366ff;\">31. janu\u00e1r 2015<\/span><\/h4>\nngg_shortcode_7_placeholder\n<h4><span style=\"color: #3366ff;\">18. janu\u00e1r 2014<\/span><\/h4>\nngg_shortcode_8_placeholder\n<h4><span style=\"color: #3366ff; font-size: 1em;\">19. janu\u00e1r 2013<\/span><\/h4>\nngg_shortcode_9_placeholder\n<h4><span style=\"color: #3366ff; font-size: 1em;\">28. janu\u00e1r 2012<\/span><\/h4>\nngg_shortcode_10_placeholder\n\n\n<p><\/p>\n","protected":false},"excerpt":{"rendered":"<p>17. janu\u00e1r 2026 21. janu\u00e1r 2023 25. janu\u00e1r 2020 02. febru\u00e1r&nbsp;2019 03. febru\u00e1r&nbsp;2018 04. febru\u00e1r&nbsp;2017 16. janu\u00e1r 2016 31. janu\u00e1r 2015 18. janu\u00e1r 2014 19. janu\u00e1r 2013 28. janu\u00e1r 2012<\/p>\n","protected":false},"author":1,"featured_media":0,"parent":110,"menu_order":7,"comment_status":"open","ping_status":"open","template":"","meta":{"ngg_post_thumbnail":0,"jetpack_post_was_ever_published":false,"footnotes":""},"class_list":["post-666","page","type-page","status-publish","hentry"],"jetpack_shortlink":"https:\/\/wp.me\/P2I76G-aK","jetpack_sharing_enabled":true,"_links":{"self":[{"href":"https:\/\/www.bielypotok.eu\/index.php?rest_route=\/wp\/v2\/pages\/666","targetHints":{"allow":["GET"]}}],"collection":[{"href":"https:\/\/www.bielypotok.eu\/index.php?rest_route=\/wp\/v2\/pages"}],"about":[{"href":"https:\/\/www.bielypotok.eu\/index.php?rest_route=\/wp\/v2\/types\/page"}],"author":[{"embeddable":true,"href":"https:\/\/www.bielypotok.eu\/index.php?rest_route=\/wp\/v2\/users\/1"}],"replies":[{"embeddable":true,"href":"https:\/\/www.bielypotok.eu\/index.php?rest_route=%2Fwp%2Fv2%2Fcomments&post=666"}],"version-history":[{"count":17,"href":"https:\/\/www.bielypotok.eu\/index.php?rest_route=\/wp\/v2\/pages\/666\/revisions"}],"predecessor-version":[{"id":15168,"href":"https:\/\/www.bielypotok.eu\/index.php?rest_route=\/wp\/v2\/pages\/666\/revisions\/15168"}],"up":[{"embeddable":true,"href":"https:\/\/www.bielypotok.eu\/index.php?rest_route=\/wp\/v2\/pages\/110"}],"wp:attachment":[{"href":"https:\/\/www.bielypotok.eu\/index.php?rest_route=%2Fwp%2Fv2%2Fmedia&parent=666"}],"curies":[{"name":"wp","href":"https:\/\/api.w.org\/{rel}","templated":true}]}}