{"id":664,"date":"2012-09-06T17:54:00","date_gmt":"2012-09-06T17:54:00","guid":{"rendered":"http:\/\/www.bielypotok.eu\/?page_id=664"},"modified":"2020-02-15T00:20:50","modified_gmt":"2020-02-14T22:20:50","slug":"detsky-karneval","status":"publish","type":"page","link":"https:\/\/www.bielypotok.eu\/?page_id=664","title":{"rendered":"Detsk\u00fd karneval"},"content":{"rendered":"<h4><span style=\"color: #3366ff;\">08. febru\u00e1r 2020<\/span><\/h4>\nngg_shortcode_0_placeholder\n<h4><span style=\"color: #3366ff;\">16. febru\u00e1r 2019<\/span><\/h4>\nngg_shortcode_1_placeholder\n<h4><span style=\"color: #3366ff;\">11. febru\u00e1r&nbsp;2017<\/span><\/h4>\nngg_shortcode_2_placeholder\n<h4><span style=\"color: #3366ff;\">31. janu\u00e1r&nbsp;2016<\/span><\/h4>\nngg_shortcode_3_placeholder\n<p><iframe loading=\"lazy\" src=\"https:\/\/www.youtube.com\/embed\/sFsTJtICOuY\" width=\"400\" height=\"225\" frameborder=\"0\" allowfullscreen=\"allowfullscreen\"><\/iframe><\/p>\n<h4><span style=\"color: #3366ff;\">07. febru\u00e1r 2015<\/span><\/h4>\nngg_shortcode_4_placeholder\n<h4><span style=\"color: #3366ff;\">15. febru\u00e1r 2014<\/span><\/h4>\nngg_shortcode_5_placeholder\n<h4><span style=\"color: #3366ff; font-size: 1em;\">02. febru\u00e1r 2013<\/span><\/h4>\nngg_shortcode_6_placeholder\n<h4><span style=\"color: #3366ff; font-size: 1em;\">11. febru\u00e1r 2012<\/span><\/h4>\n<p><strong><span style=\"color: #ff6600;\">Pozrite si video z akcie<\/span><\/strong><br \/>\n<iframe loading=\"lazy\" src=\"http:\/\/www.youtube.com\/embed\/R4gLuKZOVhY\" width=\"400\" height=\"300\" frameborder=\"0\"><\/iframe><\/p>\nngg_shortcode_7_placeholder\n","protected":false},"excerpt":{"rendered":"<p>08. febru\u00e1r 2020 16. febru\u00e1r 2019 11. febru\u00e1r&nbsp;2017 31. janu\u00e1r&nbsp;2016 07. febru\u00e1r 2015 15. febru\u00e1r 2014 02. febru\u00e1r 2013 11. febru\u00e1r 2012 Pozrite si video z akcie<\/p>\n","protected":false},"author":1,"featured_media":0,"parent":110,"menu_order":6,"comment_status":"open","ping_status":"open","template":"","meta":{"ngg_post_thumbnail":0,"jetpack_post_was_ever_published":false,"footnotes":""},"class_list":["post-664","page","type-page","status-publish","hentry"],"jetpack_shortlink":"https:\/\/wp.me\/P2I76G-aI","jetpack_sharing_enabled":true,"_links":{"self":[{"href":"https:\/\/www.bielypotok.eu\/index.php?rest_route=\/wp\/v2\/pages\/664","targetHints":{"allow":["GET"]}}],"collection":[{"href":"https:\/\/www.bielypotok.eu\/index.php?rest_route=\/wp\/v2\/pages"}],"about":[{"href":"https:\/\/www.bielypotok.eu\/index.php?rest_route=\/wp\/v2\/types\/page"}],"author":[{"embeddable":true,"href":"https:\/\/www.bielypotok.eu\/index.php?rest_route=\/wp\/v2\/users\/1"}],"replies":[{"embeddable":true,"href":"https:\/\/www.bielypotok.eu\/index.php?rest_route=%2Fwp%2Fv2%2Fcomments&post=664"}],"version-history":[{"count":17,"href":"https:\/\/www.bielypotok.eu\/index.php?rest_route=\/wp\/v2\/pages\/664\/revisions"}],"predecessor-version":[{"id":12899,"href":"https:\/\/www.bielypotok.eu\/index.php?rest_route=\/wp\/v2\/pages\/664\/revisions\/12899"}],"up":[{"embeddable":true,"href":"https:\/\/www.bielypotok.eu\/index.php?rest_route=\/wp\/v2\/pages\/110"}],"wp:attachment":[{"href":"https:\/\/www.bielypotok.eu\/index.php?rest_route=%2Fwp%2Fv2%2Fmedia&parent=664"}],"curies":[{"name":"wp","href":"https:\/\/api.w.org\/{rel}","templated":true}]}}