{"id":6407,"date":"2016-02-06T19:32:41","date_gmt":"2016-02-06T17:32:41","guid":{"rendered":"http:\/\/www.bielypotok.eu\/?page_id=6407"},"modified":"2017-02-17T02:10:49","modified_gmt":"2017-02-17T00:10:49","slug":"karnevalova-zabava","status":"publish","type":"page","link":"https:\/\/www.bielypotok.eu\/?page_id=6407","title":{"rendered":"Karnevalov\u00e1 z\u00e1bava"},"content":{"rendered":"<h4><span style=\"color: #3366ff;\">11. febru\u00e1r&nbsp;2017<\/span><\/h4>\nngg_shortcode_0_placeholder\n<h4><span style=\"color: #3366ff;\">30. janu\u00e1r&nbsp;2016<\/span><\/h4>\nngg_shortcode_1_placeholder\n<h4><span style=\"color: #3366ff;\">07. febru\u00e1r 2015<\/span><\/h4>\nngg_shortcode_2_placeholder\n<h4><span style=\"color: #3366ff; font-size: 1em;\">15. febru\u00e1r 2014<\/span><\/h4>\nngg_shortcode_3_placeholder\n<h4><span style=\"color: #3366ff; font-size: 1em;\">02. febru\u00e1r 2013<\/span><\/h4>\nngg_shortcode_4_placeholder\n","protected":false},"excerpt":{"rendered":"<p>11. febru\u00e1r&nbsp;2017 30. janu\u00e1r&nbsp;2016 07. febru\u00e1r 2015 15. febru\u00e1r 2014 02. febru\u00e1r 2013<\/p>\n","protected":false},"author":1,"featured_media":0,"parent":110,"menu_order":9,"comment_status":"closed","ping_status":"closed","template":"","meta":{"ngg_post_thumbnail":0,"jetpack_post_was_ever_published":false,"footnotes":""},"class_list":["post-6407","page","type-page","status-publish","hentry"],"jetpack_shortlink":"https:\/\/wp.me\/P2I76G-1Fl","jetpack_sharing_enabled":true,"_links":{"self":[{"href":"https:\/\/www.bielypotok.eu\/index.php?rest_route=\/wp\/v2\/pages\/6407","targetHints":{"allow":["GET"]}}],"collection":[{"href":"https:\/\/www.bielypotok.eu\/index.php?rest_route=\/wp\/v2\/pages"}],"about":[{"href":"https:\/\/www.bielypotok.eu\/index.php?rest_route=\/wp\/v2\/types\/page"}],"author":[{"embeddable":true,"href":"https:\/\/www.bielypotok.eu\/index.php?rest_route=\/wp\/v2\/users\/1"}],"replies":[{"embeddable":true,"href":"https:\/\/www.bielypotok.eu\/index.php?rest_route=%2Fwp%2Fv2%2Fcomments&post=6407"}],"version-history":[{"count":2,"href":"https:\/\/www.bielypotok.eu\/index.php?rest_route=\/wp\/v2\/pages\/6407\/revisions"}],"predecessor-version":[{"id":8216,"href":"https:\/\/www.bielypotok.eu\/index.php?rest_route=\/wp\/v2\/pages\/6407\/revisions\/8216"}],"up":[{"embeddable":true,"href":"https:\/\/www.bielypotok.eu\/index.php?rest_route=\/wp\/v2\/pages\/110"}],"wp:attachment":[{"href":"https:\/\/www.bielypotok.eu\/index.php?rest_route=%2Fwp%2Fv2%2Fmedia&parent=6407"}],"curies":[{"name":"wp","href":"https:\/\/api.w.org\/{rel}","templated":true}]}}