{"id":438,"date":"2012-08-01T18:03:22","date_gmt":"2012-08-01T18:03:22","guid":{"rendered":"http:\/\/www.bielypotok.eu\/?page_id=438"},"modified":"2018-08-27T22:50:25","modified_gmt":"2018-08-27T20:50:25","slug":"belanska-15-ka","status":"publish","type":"page","link":"https:\/\/www.bielypotok.eu\/?page_id=438","title":{"rendered":"Belansk\u00e1 15-ka"},"content":{"rendered":"<h4><span style=\"color: #3366ff;\">19. august 2018<\/span><\/h4>\n<p><iframe loading=\"lazy\" src=\"https:\/\/www.youtube.com\/embed\/bWsCacaAeMw\" width=\"560\" height=\"315\" frameborder=\"0\" allowfullscreen=\"allowfullscreen\"><\/iframe><\/p>\n<h4><span style=\"color: #3366ff;\">20. august 2017<\/span><\/h4>\nngg_shortcode_0_placeholder\n<h4><span style=\"color: #3366ff;\">21. august 2016<\/span><\/h4>\n<p><iframe loading=\"lazy\" src=\"https:\/\/www.youtube.com\/embed\/560Cj-AkAhI\" width=\"400\" height=\"225\" frameborder=\"0\" allowfullscreen=\"allowfullscreen\"><\/iframe><\/p>\n<h4><span style=\"color: #3366ff;\">23. august 2015<\/span><\/h4>\nngg_shortcode_1_placeholder\n<h4><span style=\"color: #3366ff;\">24. august 2014<\/span><\/h4>\nngg_shortcode_2_placeholder\n<h4><span style=\"color: #3366ff;\">25. august 2013<\/span><\/h4>\n<p><strong><a title=\"plag\u00e1t\" href=\"http:\/\/www.bielypotok.eu\/wp-content\/uploads\/20113-08-25-15-PLAGAT.pdf\" target=\"_blank\" rel=\"noopener\">Pozrite si plag\u00e1t ku akcii<\/a><\/strong><br \/>\n<strong><a title=\"v\u00fdsledky\" href=\"http:\/\/www.bielypotok.eu\/wp-content\/uploads\/2013-10-25-15-VYSLEDKY.pdf\" target=\"_blank\" rel=\"noopener\">Pozrite si v\u00fdsledky akcie<\/a><\/strong><br \/>\n<iframe loading=\"lazy\" src=\"\/\/www.youtube.com\/embed\/wQKRmkEtMVs\" width=\"400\" height=\"300\" frameborder=\"0\"><\/iframe><br \/>\nngg_shortcode_3_placeholder<\/p>\n<h4><span style=\"color: #3366ff;\">19. august 2012<\/span><\/h4>\n<p><strong><a title=\"plag\u00e1t\" href=\"http:\/\/www.bielypotok.eu\/wp-content\/uploads\/plagat-15.pdf\" target=\"_blank\" rel=\"noopener\">Pozrite si plag\u00e1t ku akcii<\/a><\/strong><br \/>\n<iframe loading=\"lazy\" src=\"http:\/\/www.youtube.com\/embed\/mp-VOiqpdBI\" width=\"400\" height=\"300\" frameborder=\"0\"><\/iframe><br \/>\nngg_shortcode_4_placeholder<\/p>\n","protected":false},"excerpt":{"rendered":"<p>19. august 2018 20. august 2017 21. august 2016 23. august 2015 24. august 2014 25. august 2013 Pozrite si plag\u00e1t ku akcii Pozrite si v\u00fdsledky akcie 19. august 2012 Pozrite si plag\u00e1t ku akcii<\/p>\n","protected":false},"author":1,"featured_media":0,"parent":110,"menu_order":4,"comment_status":"open","ping_status":"open","template":"","meta":{"ngg_post_thumbnail":0,"jetpack_post_was_ever_published":false,"footnotes":""},"class_list":["post-438","page","type-page","status-publish","hentry"],"jetpack_shortlink":"https:\/\/wp.me\/P2I76G-74","jetpack_sharing_enabled":true,"_links":{"self":[{"href":"https:\/\/www.bielypotok.eu\/index.php?rest_route=\/wp\/v2\/pages\/438","targetHints":{"allow":["GET"]}}],"collection":[{"href":"https:\/\/www.bielypotok.eu\/index.php?rest_route=\/wp\/v2\/pages"}],"about":[{"href":"https:\/\/www.bielypotok.eu\/index.php?rest_route=\/wp\/v2\/types\/page"}],"author":[{"embeddable":true,"href":"https:\/\/www.bielypotok.eu\/index.php?rest_route=\/wp\/v2\/users\/1"}],"replies":[{"embeddable":true,"href":"https:\/\/www.bielypotok.eu\/index.php?rest_route=%2Fwp%2Fv2%2Fcomments&post=438"}],"version-history":[{"count":16,"href":"https:\/\/www.bielypotok.eu\/index.php?rest_route=\/wp\/v2\/pages\/438\/revisions"}],"predecessor-version":[{"id":11291,"href":"https:\/\/www.bielypotok.eu\/index.php?rest_route=\/wp\/v2\/pages\/438\/revisions\/11291"}],"up":[{"embeddable":true,"href":"https:\/\/www.bielypotok.eu\/index.php?rest_route=\/wp\/v2\/pages\/110"}],"wp:attachment":[{"href":"https:\/\/www.bielypotok.eu\/index.php?rest_route=%2Fwp%2Fv2%2Fmedia&parent=438"}],"curies":[{"name":"wp","href":"https:\/\/api.w.org\/{rel}","templated":true}]}}