{"id":251,"date":"2012-07-16T22:49:59","date_gmt":"2012-07-16T22:49:59","guid":{"rendered":"http:\/\/www.bielypotok.eu\/?page_id=251"},"modified":"2012-12-25T20:34:51","modified_gmt":"2012-12-25T18:34:51","slug":"erko","status":"publish","type":"page","link":"https:\/\/www.bielypotok.eu\/?page_id=251","title":{"rendered":"eRko"},"content":{"rendered":"ngg_shortcode_0_placeholder\n<p><em>Kontakt: <strong>Ivana Milanov\u00e1 (ZOF)\u00a00901704765<\/strong><\/em><br \/>\n<em>E-mail: <strong><a href=\"mailto:ivana.milanova@centrum.sk\">ivana.milanova@centrum.sk<\/a><\/strong><\/em><br \/>\n<em>Web:\u00a0<strong><a title=\"webstr\u00e1nka\" href=\"http:\/\/www.erko.sk\/\">http:\/\/www.erko.sk\/<\/a><\/strong><br \/>\n<strong><a title=\"webstr\u00e1nka\" href=\"http:\/\/www.ocliptov.erko.sk\/\">http:\/\/www.ocliptov.erko.sk\/<\/a><\/strong><\/em><\/p>\n<p><strong style=\"text-align: justify;\"><a title=\"prezent\u00e1cia\" href=\"http:\/\/www.bielypotok.eu\/wp-content\/uploads\/PREZENTACIA-ERKO.pdf\" target=\"_blank\">Pozrite si prezent\u00e1ciu spolku<\/a><\/strong><\/p>\n<p>&nbsp;<\/p>\n<p><span style=\"color: #3366ff;\"><strong>eRko na Bielom Potoku<\/strong><\/span><\/p>\n<p style=\"text-align: justify;\">eRko je kres\u0165ansk\u00e9 spolo\u010denstvo mal\u00fdch i\u00a0ve\u013ek\u00fdch det\u00ed i\u00a0ved\u00facich, ktor\u00ed chc\u00fa radostne \u017ei\u0165 vo viere. Nu\u017e si spolu na\u017e\u00edvame nielen v\u00a0Bielom Potoku, ale na celom \u0161\u00edrom Slovensku.\u00a0My, ako farnos\u0165 Biely Potok patr\u00edme pod oblastn\u00e9 centrum Liptov (O<sub>v<\/sub>C<sub>e <\/sub>Liptov), ktor\u00e9ho ved\u00facou je Barbora (Barum) Mydliarov\u00e1. Sna\u017e\u00edme sa vytv\u00e1ra\u0165 pre deti a\u00a0aj pre \u00a0n\u00e1s prostredie a\u00a0chv\u00edle, v\u00a0ktor\u00fdch sa c\u00edtime dobre a\u00a0tak by\u0165 akt\u00edvnou s\u00fa\u010das\u0165ou n\u00e1\u0161ho farsk\u00e9ho spolo\u010denstva.<\/p>\n<p style=\"text-align: justify;\"><span style=\"color: #3366ff;\"><strong>Stretk\u00e1<\/strong><\/span><\/p>\n<p>Ka\u017ed\u00fa sobotu v\u00a0nep\u00e1rnom t\u00fd\u017edni<\/p>\n<ul>\n<li>14:00 hod. \u2013 Mal\u00e9 stretko (od 6 \u2013 12 rokov)<\/li>\n<li>15:30 hod. \u2013 sk\u00fa\u0161ka na sv.om\u0161u<\/li>\n<li>16:00 hod. \u2013 Ve\u013ek\u00e9 stretko (od 12 \u2013 15 rokov)<\/li>\n<\/ul>\n<p>Ml\u00e1de\u017en\u00edcka sv\u00e4t\u00e1 om\u0161a ka\u017ed\u00fd tret\u00ed piatok v\u00a0mesiaci.<\/p>\n<p><span style=\"color: #3366ff;\"><strong>Motto:<\/strong><\/span><\/p>\n<blockquote><p>\u201eRadostnou cestou svedectva viery kr\u00e1\u010dame spolu mal\u00ed i\u00a0ve\u013ek\u00ed.\u201c<\/p><\/blockquote>\n<p>&nbsp;<\/p>\n<p style=\"text-align: justify;\"><span style=\"color: #3366ff;\"><strong>Hist\u00f3ria<\/strong><\/span><\/p>\n<p style=\"text-align: justify;\">Hist\u00f3ria eRka v\u00a0Bielom Potoku sa za\u010dala p\u00edsa\u0165 v\u00a0roku 2002 prv\u00fdmi stretkami, ktor\u00e9 boli pr\u00edpravou na najv\u00e4\u010d\u0161iu eRk\u00e1rsku akciu \u2013 Dobr\u00fa novinu. N\u00e1pad zalo\u017ei\u0165 stretko aj na Bielom Potoku sa podarilo \u00faspe\u0161ne zrealizova\u0165 Majke (Mary) Kr\u00e1v\u010d\u00edkovej a\u00a0Ma\u0165ke Mackovej.\u00a0 Za\u00fa\u010dali ich sk\u00fasenej\u0161\u00ed ved\u00faci zo stretka v\u00a0Bani\u010dnom. Po \u00faspe\u0161nom koledovan\u00ed sa za\u010dalo eRko roz\u0161irova\u0165 ako o\u00a0deti tak aj o\u00a0ved\u00facich.<\/p>\n<p style=\"text-align: justify;\">Stretk\u00e1 b\u00fdvali ka\u017ed\u00fa druh\u00fa sobotu. Ka\u017edoro\u010dne sme sa z\u00fa\u010dast\u0148ovali Dobrej noviny, organizovali letn\u00e9 t\u00e1bory, zimn\u00e9 v\u00edkendovky, ale aj mnoh\u00e9 in\u00e9 akcie. Postupne sa v\u00a0na\u0161om eRku vystriedalo viacero ved\u00facich a\u00a0deti zo stretiek sa stali ich nasledovn\u00edkmi. Spolo\u010dne si tak spom\u00edname na men\u00e1 ako: Evka Kenderov\u00e1 (zodpovedn\u00e1 osoba vo farnosti v\u00a0rokoch 2005 \u2013 2010), Paul\u00ednka Kenderov\u00e1, \u00a0A\u010fka Magov\u00e1, Martin Kendera \u010di na\u0161ich priaznivcov t\u00e1borov: Andrej a\u00a0Matej Kenderovci, Miro,Dominik, Daniel a\u00a0Kiko Mackovci, Robo Pastucha, R\u00f3bert Kendera, Jakub Mur\u00e1\u0148, Michal \u0160napko, Pa\u0165o \u010cig\u00e1\u0161, Moniku a\u00a0Ivku Oravcov\u00e9 a\u00a0mnoh\u00fdch in\u00ed.<\/p>\n<p style=\"text-align: justify;\">V\u0161etk\u00fdm \u010fakujeme za to, \u017ee prispeli k\u00a0rozvoju eRka na Bielom Potoku. Ve\u013ek\u00e9 \u010eAKUJEME patr\u00ed aj v\u0161etk\u00fdm sponzorom, v\u010faka ktor\u00fdm sme mohli zorganizova\u0165 na\u0161e akcie a zvl\u00e1\u0161\u0165 t\u00fdm, ktor\u00fd n\u00e1s podporuj\u00fa doteraz.<\/p>\n<p style=\"text-align: justify;\"><span style=\"color: #3366ff;\"><strong>S\u00fa\u010dastnos\u0165<\/strong><\/span><\/p>\n<p style=\"text-align: justify;\">V\u00a0tomto roku (2012\/2013) sa chyst\u00e1me osl\u00e1vi\u0165 svoje 10. narodeniny, zapoji\u0165 sa do Dobrej noviny, Svie\u010dky za nenaroden\u00e9 deti, Bielej stu\u017eky, \u00a0zorganizova\u0165 Jarn\u00fa v\u00edkendovku a\u00a0Letn\u00fd t\u00e1bor. Na stretk\u00e1ch budeme \u017ei\u0165 ro\u010dnou t\u00e9mou eRka &#8211; Za pokladom viery. Za najv\u00e4\u010d\u0161\u00edm pokladom od Nebesk\u00e9ho Otca, ktor\u00fd k\u00a0n\u00e1m pri\u0161iel aj prostredn\u00edctvom sv. Cyrila a\u00a0sv. Metoda. Poklad je dobre ukryt\u00fd, na bezpe\u010dnom mieste, v na\u0161om srdci. D\u00fafame, \u017ee sa n\u00e1m ho podar\u00ed objavi\u0165.<\/p>\n<ul style=\"text-align: justify;\">\n<li>02.11- Svie\u010dka za nenaroden\u00e9 deti<\/li>\n<li>26.12- koledovanie s Dobrou novinou<\/li>\n<li>01.-03. 02. 2013 \u2013 Zimn\u00e1 v\u00edkendovka<\/li>\n<li>22.03.2013 \u2013 Kr\u00ed\u017eov\u00e1 cesta za nenaroden\u00e9 deti<\/li>\n<li>25.03.2013 &#8211; De\u0148 po\u010dat\u00e9ho die\u0165a\u0165a (Biela stu\u017eka)<\/li>\n<li>12.-18.08.2013 \u2013 Letn\u00fd t\u00e1bor<\/li>\n<\/ul>\n<p style=\"text-align: justify;\">\u010clenom eRka sa m\u00f4\u017ee sta\u0165 ka\u017ed\u00fd bez vekov\u00e9ho obmedzenia a \u010dlensk\u00fd pr\u00edspevok na rok\u00a0 je 1\u20ac die\u0165a a 2\u20ac osoba od 15 rokov a\u00a0ved\u00faci.<\/p>\n<p style=\"text-align: justify;\"><span style=\"color: #3366ff;\"><strong>Mal\u00e9 stretko<\/strong><\/span><\/p>\n<p style=\"text-align: justify;\">Majka (Mary) Krav\u010d\u00edkov\u00e1 (zakladate\u013eka),\u00a0Andrejka\u00a0 Morav\u010d\u00edkov\u00e1,\u00a0Monika Fainov\u00e1<\/p>\n<p style=\"text-align: justify;\"><span style=\"color: #3366ff;\"><strong>Ve\u013ek\u00e9 stretko<\/strong><\/span><\/p>\n<p style=\"text-align: justify;\">Gabika Milanov\u00e1,\u00a0Jarko Li\u0161tiak<\/p>\n<p style=\"text-align: justify;\"><span style=\"color: #3366ff;\"><strong>T\u00e1borov\u00ed ved\u00faci<\/strong><\/span><\/p>\n<p style=\"text-align: justify;\">Majka (Maka) \u010cill\u00edkov\u00e1,\u00a0Juraj Dane\u0161,\u00a0\u013dubo\u0161 Morav\u010d\u00edk,\u00a0Katka Staro\u0148ov\u00e1,\u00a0Rom\u010da Mudron\u010d\u00edkov\u00e1,\u00a0Bibi \u0160omegov\u00e1<\/p>\n<p style=\"text-align: left;\"><strong><em><span style=\"text-align: justify;\">V\u0161etci , ktor\u00ed by sa chceli zapoji\u0165 do na\u0161ej snahy alebo prilo\u017ei\u0165 ruku k dielu s\u00fa srde\u010dne v\u00edtan\u00ed!<\/span><\/em><\/strong><\/p>\n<p style=\"text-align: justify;\"><span style=\"color: #3366ff;\"><strong>Modlitba eRk\u00e1rov:<\/strong><\/span><\/p>\n<blockquote>\n<p style=\"text-align: center;\" align=\"center\">Ve\u010dn\u00e9 Slovo,\u00a0jednoroden\u00fd Syn Bo\u017e\u00ed,\u00a0nau\u010d n\u00e1s pravej ve\u013ekodu\u0161nosti.\u00a0Nau\u010d n\u00e1s Tebe sl\u00fa\u017ei\u0165, ako si to pr\u00e1vom zasluhuje\u0161.\u00a0Aby sme d\u00e1vali a nepo\u010d\u00edtali, aby sme bojovali a nedbali na rany, aby\u00a0 sme pracovali a net\u00fa\u017eili po odpo\u010dinku, aby sme sa obetovali a ne\u010dakali in\u00fa odmenu ako vedomie, \u017ee sme splnili Tvoju sv\u00e4t\u00fa v\u00f4\u013eu.<\/p>\n<\/blockquote>\n<p>&nbsp;<\/p>\n<p><span style=\"color: #3366ff;\"><strong>Modlitba o hodnot\u00e1ch eRka:<\/strong><\/span><\/p>\n<blockquote>\n<p align=\"center\">Dobr\u00fd Bo\u017ee, posil\u0148uj vo mne \u017eiv\u00fa vieru, ve\u010f ma jej radostnou cestou. Nau\u010d ma jednoduchosti a\u00a0pravdivosti, nau\u010d ma zodpovednosti a\u00a0d\u00f4vere. U\u010d ma dobrovo\u013ene sl\u00fa\u017eir a\u00a0obetova\u0165 sa, r\u00e1s\u0165 v\u00a0\u00facte a\u00a0solidarite so v\u0161etk\u00fdmi a\u00a0tak vytv\u00e1ra\u0165 otvoren\u00e9 spolo\u010denstvo z\u00a0viery \u017eij\u00facich a\u00a0v\u00a0l\u00e1ske konaj\u00facich \u013eud\u00ed.<\/p>\n<p align=\"center\">Amen.<\/p>\n<\/blockquote>\n<p>&nbsp;<\/p>\n<p style=\"text-align: justify;\"><span style=\"color: #3366ff;\"><strong>Vonkaj\u0161ie princ\u00edpy eRk\u00e1rov:<\/strong><\/span><\/p>\n<p style=\"text-align: justify;\"><strong>1. M\u00e1m \u017eiv\u00fa vieru<\/strong><strong><\/strong><\/p>\n<p style=\"text-align: justify;\">Ver\u00edm, \u017ee ma m\u00e1 Boh r\u00e1d a\u00a0chce, aby som bol \u0161\u0165astn\u00fd, rozpr\u00e1vam sa s\u00a0N\u00edm cez modlitbu, \u010derp\u00e1m silu zo sviatost\u00ed, \u010d\u00edtam sv. P\u00edsmo, zap\u00e1jam sa do \u017eivota Cirkvi, sved\u010d\u00edm o\u00a0viere svoj\u00edm \u017eivotom.<\/p>\n<p style=\"text-align: justify;\">ngg_shortcode_1_placeholder<\/p>\n<p style=\"text-align: justify;\"><strong>2. M\u00e1m \u00factu k\u00a0\u017eivotu<\/strong><strong><\/strong><\/p>\n<p style=\"text-align: justify;\">Spozn\u00e1vam seba sam\u00e9ho a\u00a0pozit\u00edvne rozv\u00edjam svoju jedine\u010dnos\u0165, m\u00e1m rados\u0165 z\u00a0toho, \u017ee ako mu\u017ei a\u00a0\u017eeny sa dop\u013a\u0148ame a\u00a0tak m\u00f4\u017eeme robi\u0165 svet kraj\u0161\u00edm, m\u00e1m v\u00a0\u00facte \u017eivot a\u00a0chr\u00e1nim ho.<\/p>\n<p style=\"text-align: justify;\">ngg_shortcode_2_placeholder<\/p>\n<p style=\"text-align: justify;\"><strong>3. Rozv\u00edjam otvoren\u00e9 spolo\u010denstvo<\/strong><strong><\/strong><\/p>\n<p style=\"text-align: justify;\">M\u00e1m individu\u00e1lny pr\u00edstup, objavujem dar jednoduchosti a\u00a0duchovn\u00e9ho detstva, tvorivo h\u013ead\u00e1m, \u010do n\u00e1s sp\u00e1ja \u2013 sna\u017e\u00edm sa o\u00a0jednotu v\u00a0r\u00f4znorodosti, prij\u00edmam druh\u00e9ho som tolerantn\u00fd, rozv\u00edjam spolupr\u00e1cu, kon\u0161trukt\u00edvne rie\u0161im konflikty, zauj\u00edmam sa o\u00a0veci verejn\u00e9, som solid\u00e1rny s t\u00fdmi, ktor\u00ed maj\u00fa nedostatok.<\/p>\n<p style=\"text-align: justify;\">ngg_shortcode_3_placeholder<\/p>\n<p style=\"text-align: justify;\"><strong>4. Chcem sl\u00fa\u017ei\u0165 s\u00a0rados\u0165ou<\/strong><strong><\/strong><\/p>\n<p style=\"text-align: justify;\">Dobrovo\u013ene sa rozhodujem pre slu\u017ebu aj ke\u010f je to niekedy \u0165a\u017ek\u00e9, obohacuje ma to a\u00a0umo\u017e\u0148uje mi to r\u00e1s\u0165, m\u00e1m rados\u0165 a\u00a0rados\u0165 je moja sila.<\/p>\n<p style=\"text-align: justify;\">ngg_shortcode_4_placeholder<\/p>\n<p style=\"text-align: justify;\"><strong>5. \u017dijem zodpovednos\u0165 a\u00a0d\u00f4veru<\/strong><strong><\/strong><\/p>\n<p style=\"text-align: justify;\">Som zodpovedn\u00fd, d\u00e1 sa na m\u0148a spo\u013eahn\u00fa\u0165, vzdel\u00e1vam sa, chcem odovzd\u00e1va\u0165 sk\u00fasenosti, som pravdiv\u00fd, d\u00f4verujem a\u00a0som d\u00f4veryhodn\u00fd, som f\u00e9rov\u00fd, nevysmievam sa, ne\u017eartujem na \u00fakor druh\u00e9ho, nevyvol\u00e1vam strach, neistotu.<\/p>\n<p style=\"text-align: justify;\">ngg_shortcode_5_placeholder<\/p>\n<p style=\"text-align: justify;\"><span style=\"color: #3366ff;\"><strong>Vn\u00fatorn\u00e9 princ\u00edpy eRk\u00e1ra:<\/strong><\/span><\/p>\n<p style=\"text-align: justify;\"><strong>1. M\u00e1m \u010das<\/strong><strong><\/strong><\/p>\n<p style=\"text-align: justify;\">Tento princ\u00edp je spojen\u00fd s\u00a0postojom M\u00c1M R\u00c1D \u2013 koho m\u00e1m r\u00e1d, na toho m\u00e1m \u010das, ak m\u00e1m r\u00e1d, ner\u00e1tam \u010das&#8230;to by malo plati\u0165 aj o\u00a0mne a\u00a0mojich de\u0165och, o\u00a0pr\u00edprave a\u00a0o\u00a0stretku&#8230;Chcem ma\u0165 \u010das pr\u00e1ve na to, \u010do rob\u00edm&#8230;<\/p>\n<p style=\"text-align: justify;\">ngg_shortcode_6_placeholder<\/p>\n<p style=\"text-align: justify;\"><strong>2. R\u00e1d sa hr\u00e1m<\/strong><strong><\/strong><\/p>\n<p style=\"text-align: justify;\">Hra je \u010dinnos\u0165, ktor\u00fa \u010dlovek rob\u00ed dobrovo\u013ene a r\u00e1d. Je na mne, ak\u00fd postoj zauj\u00edmam k\u00a0veciam, ktor\u00e9 rob\u00edm. Ak sa r\u00e1d hr\u00e1m, ak sa viem v\u017ei\u0165 do hier, pom\u00f4\u017ee mi to aj pri stretk\u00e1ch. Sta\u010d\u00ed, ak ja s\u00e1m r\u00e1d rob\u00edm to, \u010do chcem, aby robili deti. Zapnem \u201esrdce na pln\u00fd plyn&#8230;\u201c<\/p>\n<p style=\"text-align: justify;\">ngg_shortcode_7_placeholder<\/p>\n<p style=\"text-align: justify;\"><strong>3. R\u00e1d \u010d\u00edtam, \u0161tudujem<\/strong><strong><\/strong><\/p>\n<p style=\"text-align: justify;\">St\u00e1le je \u010do \u0161tudova\u0165, \u010d\u00edta\u0165 si, pripravova\u0165 sa na stretk\u00e1 \u2013 v\u017edy je \u010do nov\u00e9 spozn\u00e1va\u0165 a\u00a0nikdy nebudem vedie\u0165 v\u0161etko, nikdy nebudem najm\u00fadrej\u0161\u00ed. R\u00e1d si pre\u010d\u00edtam aj niektor\u00fa knihu, \u010do \u010d\u00edtaj\u00fa moje deti, pr\u00edpadne si pozriem film, \u010do ich bav\u00ed, zauj\u00edmam sa o\u00a0to, \u010do zauj\u00edma ich. Zapnem \u201crozum na pln\u00fd plyn&#8230;\u201c<\/p>\n<p style=\"text-align: justify;\">ngg_shortcode_8_placeholder<\/p>\n<p style=\"text-align: justify;\"><strong>4. Del\u00edm sa so sk\u00fasenos\u0165ami<\/strong><strong><\/strong><\/p>\n<p style=\"text-align: justify;\">V\u0161etko, \u010do si na\u0161tudujem, pre\u017eijem, nau\u010d\u00edm sa, si m\u00f4\u017eem zapisova\u0165 a\u00a0rob\u00edm si vlastne \u201evonkaj\u0161iu pam\u00e4\u0165\u201c, ktor\u00e1 m\u00f4\u017ee posl\u00fa\u017ei\u0165 mne sam\u00e9mu, ke\u010f nebudem ma\u0165 in\u0161pir\u00e1ciu a\u00a0z\u00e1rove\u0148 sa takto lep\u0161ie m\u00f4\u017eem deli\u0165 s\u00a0ostatn\u00fdmi, odovzd\u00e1va\u0165 sk\u00fasenosti \u010falej, t\u00fdm, ktor\u00ed prich\u00e1dzaj\u00fa po mne a\u00a0t\u00fdm pom\u00e1ha\u0165 rozvoju pr\u00e1ce s\u00a0de\u0165mi.<\/p>\n<p style=\"text-align: justify;\">ngg_shortcode_9_placeholder<\/p>\n<p style=\"text-align: justify;\"><strong>5. Chod\u00edm na stretk\u00e1<\/strong><strong><\/strong><\/p>\n<p style=\"text-align: justify;\">Nikto nie je m\u00fadry s\u00e1m a\u00a0nikto nie je stvoren\u00fd na to, aby bol s\u00e1m. Pre pr\u00e1cu s\u00a0de\u0165mi na stretk\u00e1ch to plat\u00ed na 100%. Moja akt\u00edvna \u00fa\u010das\u0165 na rozli\u010dn\u00fdch stretnutiach s\u00a0ostatn\u00fdmi, ktor\u00ed tie\u017e robia s\u00a0de\u0165mi prinesie ale aj dod\u00e1 energiu, silu, nad\u0161enie ako aj podporu a\u00a0pomoc.<\/p>\n<p style=\"text-align: justify;\">ngg_shortcode_10_placeholder<\/p>\n<p style=\"text-align: justify;\"><span style=\"color: #3366ff;\"><strong>eRko<\/strong><strong> &#8211; Hnutie kres\u0165ansk\u00fdch spolo\u010denstiev det\u00ed<\/strong><\/span><\/p>\n<p style=\"text-align: justify;\">Je od roku 1990 zaregistrovan\u00e9 na Ministerstve vn\u00fatra SR pod\u013ea z\u00e1kona 83\/1990 Zb. ako ob\u010dianske zdru\u017eenie.<\/p>\n<p style=\"text-align: justify;\">Jeho cie\u013eom je pom\u00e1ha\u0165 pri formovan\u00ed det\u00ed na dospel\u00e9 kres\u0165ansk\u00e9 osobnosti schopn\u00e9 kvalitn\u00fdm osobn\u00fdm \u017eivotom prispieva\u0165 k rozvoju spolo\u010dnosti, v ktorej \u017eij\u00fa.<\/p>\n<p style=\"text-align: justify;\">Cie\u013e pom\u00e1ha realizova\u0165 ve\u013ea ochotn\u00fdch mlad\u00fdch \u013eud\u00ed na rozli\u010dn\u00fdch miestach Slovenska, ktor\u00ed sa vo svojom vo\u013enom \u010dase dobrovo\u013ene venuj\u00fa de\u0165om. Pre\u017e\u00edvaj\u00fa s nimi radosti a strasti v\u0161edn\u00fdch dn\u00ed cez \u0161kolsk\u00fd rok v r\u00e1mci pravidelnej \u010dinnosti na spolo\u010dn\u00fdch &#8222;stretk\u00e1ch&#8220;, cez organizovanie tematick\u00fdch v\u00fdletov, a tie\u017e na letn\u00fdch t\u00e1boroch cez pr\u00e1zdniny.<\/p>\n<p style=\"text-align: justify;\">Spolu s de\u0165mi sa usilujeme vz\u00e1jomne sa obohacova\u0165 a prehlbova\u0165 vedomie jedine\u010dnosti a individuality ka\u017ed\u00e9ho \u010dloveka. U\u010d\u00edme sa hra\u0165 a pou\u017e\u00edva\u0165 f\u00e9rov\u00e9 pravidl\u00e1, vytv\u00e1ra\u0165 priate\u013estv\u00e1 a \u017ei\u0165 rados\u0165. Svojou \u010dinnos\u0165ou sa usilujeme dop\u013a\u0148a\u0165 rodinn\u00fa v\u00fdchovu a vyu\u010dovanie n\u00e1bo\u017eenstva. Chceme de\u0165om poskytn\u00fa\u0165 mo\u017enos\u0165 formova\u0165 sa na z\u00e1klade v\u0161eobecn\u00fdch mor\u00e1lnych princ\u00edpov a sprostredk\u00favame im my\u0161lienky kult\u00fary \u017eivota, tolerancie, \u00facty a vz\u00e1jomnej pomoci.<\/p>\n<h4><\/h4>\n<h4><span style=\"color: #3366ff;\">Rok 2012<\/span><\/h4>\n<h4>13. okt\u00f3ber 2012 &#8211; Desiate narodeniny eRka<\/h4>\nngg_shortcode_11_placeholder\n","protected":false},"excerpt":{"rendered":"<p>Kontakt: Ivana Milanov\u00e1 (ZOF)\u00a00901704765 E-mail: ivana.milanova@centrum.sk Web:\u00a0http:\/\/www.erko.sk\/ http:\/\/www.ocliptov.erko.sk\/ Pozrite si prezent\u00e1ciu spolku &nbsp; eRko na Bielom Potoku eRko je kres\u0165ansk\u00e9 spolo\u010denstvo mal\u00fdch i\u00a0ve\u013ek\u00fdch det\u00ed i\u00a0ved\u00facich, ktor\u00ed chc\u00fa radostne \u017ei\u0165 vo viere. Nu\u017e si spolu na\u017e\u00edvame nielen v\u00a0Bielom Potoku, ale na celom \u0161\u00edrom Slovensku.\u00a0My, ako farnos\u0165 Biely Potok patr\u00edme pod oblastn\u00e9 &#8230;<\/p>\n","protected":false},"author":1,"featured_media":0,"parent":1099,"menu_order":5,"comment_status":"open","ping_status":"open","template":"","meta":{"ngg_post_thumbnail":0,"jetpack_post_was_ever_published":false,"footnotes":""},"class_list":["post-251","page","type-page","status-publish","hentry"],"jetpack_shortlink":"https:\/\/wp.me\/P2I76G-43","jetpack_sharing_enabled":true,"_links":{"self":[{"href":"https:\/\/www.bielypotok.eu\/index.php?rest_route=\/wp\/v2\/pages\/251","targetHints":{"allow":["GET"]}}],"collection":[{"href":"https:\/\/www.bielypotok.eu\/index.php?rest_route=\/wp\/v2\/pages"}],"about":[{"href":"https:\/\/www.bielypotok.eu\/index.php?rest_route=\/wp\/v2\/types\/page"}],"author":[{"embeddable":true,"href":"https:\/\/www.bielypotok.eu\/index.php?rest_route=\/wp\/v2\/users\/1"}],"replies":[{"embeddable":true,"href":"https:\/\/www.bielypotok.eu\/index.php?rest_route=%2Fwp%2Fv2%2Fcomments&post=251"}],"version-history":[{"count":33,"href":"https:\/\/www.bielypotok.eu\/index.php?rest_route=\/wp\/v2\/pages\/251\/revisions"}],"predecessor-version":[{"id":1114,"href":"https:\/\/www.bielypotok.eu\/index.php?rest_route=\/wp\/v2\/pages\/251\/revisions\/1114"}],"up":[{"embeddable":true,"href":"https:\/\/www.bielypotok.eu\/index.php?rest_route=\/wp\/v2\/pages\/1099"}],"wp:attachment":[{"href":"https:\/\/www.bielypotok.eu\/index.php?rest_route=%2Fwp%2Fv2%2Fmedia&parent=251"}],"curies":[{"name":"wp","href":"https:\/\/api.w.org\/{rel}","templated":true}]}}