{"id":249,"date":"2012-07-16T22:49:34","date_gmt":"2012-07-16T22:49:34","guid":{"rendered":"http:\/\/www.bielypotok.eu\/?page_id=249"},"modified":"2012-12-26T22:47:27","modified_gmt":"2012-12-26T20:47:27","slug":"rrr","status":"publish","type":"page","link":"https:\/\/www.bielypotok.eu\/?page_id=249","title":{"rendered":"ZMM (RRR)"},"content":{"rendered":"<p style=\"text-align: justify;\">ngg_shortcode_0_placeholder<\/p>\n<p style=\"text-align: justify;\"><strong>Mil\u00ed priatelia,\u00a0<\/strong><\/p>\n<p style=\"text-align: justify;\">dovo\u013ete n\u00e1m, aby sme v\u00e1s v\u0161etk\u00fdch obozn\u00e1mili s\u00a0na\u0161im spolo\u010denstvom. <strong>RRR<\/strong>, alebo <strong>Rados\u0165 rozd\u00e1van\u00edm rastie<\/strong> <strong>vzniklo v\u00a0j\u00fani 2011<\/strong>, kde sme za\u010dali prvou spolo\u010dnou opeka\u010dkou. Taktie\u017e sme robili aj rozl\u00fa\u010dku s\u00a0pr\u00e1zdninami a\u00a0\u0161portov\u00e9 hry na ihrisku, t\u00e1bor radosti v\u00a0marci a\u00a0letn\u00fd t\u00e1bor v\u00a0auguste. Pripravovali sme aj detsk\u00e9 sv\u00e4t\u00e9 om\u0161e a\u00a0sna\u017eili sme sa rados\u0165 rozd\u00e1va\u0165 aj \u010falej.<\/p>\n<p style=\"text-align: justify;\"><strong>V\u00a0septembri 2012<\/strong> sme spolo\u010dne s\u00a0na\u0161im p. far\u00e1rom a\u00a0reho\u013enou sestrou Dominikou, ktor\u00e1 p\u00f4sob\u00ed v\u00a0Dolnom Kub\u00edne uva\u017eovali nad vytvoren\u00edm <strong>Zdru\u017eenia Mari\u00e1nskej ml\u00e1de\u017ee<\/strong>. A\u00a0slovo dalo slovo a\u00a0tak sa dnes stret\u00e1vame na fare ka\u017ed\u00fd piatok, spolo\u010dne sa hr\u00e1me hry, zdie\u013eame s\u00a0de\u0165mi cel\u00fd t\u00fd\u017ede\u0148, ktor\u00fd sme pre\u017eili a\u00a0ka\u017ed\u00fd druh\u00fd piatok sa stret\u00e1vame aj so sr. Dominikou a\u00a0venujeme sa form\u00e1cii det\u00ed a\u00a0mlad\u00fdch v\u00a0duchu Mari\u00e1nskej \u00facty k\u00a0Panne M\u00e1rii.<\/p>\n<p style=\"text-align: justify;\">Na p\u00edsanie by toho tu bolo e\u0161te ve\u013ea, ale <strong>slov\u00e1 nie s\u00fa podstatn\u00e9, d\u00f4le\u017eitej\u0161ie s\u00fa skutky<\/strong> a\u00a0preto, aby sme neostali len pri slov\u00e1ch, poz\u00fdvame v\u0161etky deti na na\u0161e spolo\u010dn\u00e9 stretnutia, ktor\u00e9 sa konaj\u00fa ka\u017ed\u00fd piatok po sv. om\u0161i na fare, kde sa dozviete viac.<\/p>\n<p style=\"text-align: justify;\">Zo srdca sa na v\u0161etk\u00fdch te\u0161\u00edme.<\/p>\n<p style=\"text-align: justify;\">Anim\u00e1tori ZMM<\/p>\n<blockquote>\n<p style=\"text-align: left;\">\u201e Bez hriechu po\u010dat\u00e1 Panna M\u00e1ria, oroduj za n\u00e1s, ktor\u00ed sa k\u00a0Tebe utiekame.\u201c<\/p>\n<\/blockquote>\n<p style=\"text-align: left;\">ngg_shortcode_1_placeholder<\/p>\n","protected":false},"excerpt":{"rendered":"<p>Mil\u00ed priatelia,\u00a0 dovo\u013ete n\u00e1m, aby sme v\u00e1s v\u0161etk\u00fdch obozn\u00e1mili s\u00a0na\u0161im spolo\u010denstvom. RRR, alebo Rados\u0165 rozd\u00e1van\u00edm rastie vzniklo v\u00a0j\u00fani 2011, kde sme za\u010dali prvou spolo\u010dnou opeka\u010dkou. Taktie\u017e sme robili aj rozl\u00fa\u010dku s\u00a0pr\u00e1zdninami a\u00a0\u0161portov\u00e9 hry na ihrisku, t\u00e1bor radosti v\u00a0marci a\u00a0letn\u00fd t\u00e1bor v\u00a0auguste. Pripravovali sme aj detsk\u00e9 sv\u00e4t\u00e9 om\u0161e a\u00a0sna\u017eili sme sa &#8230;<\/p>\n","protected":false},"author":1,"featured_media":0,"parent":1099,"menu_order":4,"comment_status":"open","ping_status":"open","template":"","meta":{"ngg_post_thumbnail":0,"jetpack_post_was_ever_published":false,"footnotes":""},"class_list":["post-249","page","type-page","status-publish","hentry"],"jetpack_shortlink":"https:\/\/wp.me\/P2I76G-41","jetpack_sharing_enabled":true,"_links":{"self":[{"href":"https:\/\/www.bielypotok.eu\/index.php?rest_route=\/wp\/v2\/pages\/249","targetHints":{"allow":["GET"]}}],"collection":[{"href":"https:\/\/www.bielypotok.eu\/index.php?rest_route=\/wp\/v2\/pages"}],"about":[{"href":"https:\/\/www.bielypotok.eu\/index.php?rest_route=\/wp\/v2\/types\/page"}],"author":[{"embeddable":true,"href":"https:\/\/www.bielypotok.eu\/index.php?rest_route=\/wp\/v2\/users\/1"}],"replies":[{"embeddable":true,"href":"https:\/\/www.bielypotok.eu\/index.php?rest_route=%2Fwp%2Fv2%2Fcomments&post=249"}],"version-history":[{"count":9,"href":"https:\/\/www.bielypotok.eu\/index.php?rest_route=\/wp\/v2\/pages\/249\/revisions"}],"predecessor-version":[{"id":1073,"href":"https:\/\/www.bielypotok.eu\/index.php?rest_route=\/wp\/v2\/pages\/249\/revisions\/1073"}],"up":[{"embeddable":true,"href":"https:\/\/www.bielypotok.eu\/index.php?rest_route=\/wp\/v2\/pages\/1099"}],"wp:attachment":[{"href":"https:\/\/www.bielypotok.eu\/index.php?rest_route=%2Fwp%2Fv2%2Fmedia&parent=249"}],"curies":[{"name":"wp","href":"https:\/\/api.w.org\/{rel}","templated":true}]}}