{"id":247,"date":"2012-07-16T22:49:01","date_gmt":"2012-07-16T22:49:01","guid":{"rendered":"http:\/\/www.bielypotok.eu\/?page_id=247"},"modified":"2013-02-13T22:47:18","modified_gmt":"2013-02-13T20:47:18","slug":"klub-dochodcov","status":"publish","type":"page","link":"https:\/\/www.bielypotok.eu\/?page_id=247","title":{"rendered":"Klub d\u00f4chodcov"},"content":{"rendered":"<p><em>Adresa:\u00a0<\/em><br \/>\n<em><strong>Klub d\u00f4chodcov\u00a0Ru\u017eomberok &#8211; Biely Potok<\/strong><\/em><br \/>\n<em><strong>Hlavn\u00e1 24<\/strong><\/em><br \/>\n<em><strong>034 03 Ru\u017eomberok<\/strong><\/em><br \/>\n<em>Predseda: <strong>Vilma Mi\u0161\u00edkov\u00e1<\/strong><\/em><br \/>\n<em>Otvorenie klubu: <strong>17.10. 1998<\/strong><\/em><\/p>\n<p><strong>Hist\u00f3ria vzniku klubu:<\/strong><br \/>\n<span style=\"text-align: justify;\">Skupina akt\u00edvnych d\u00f4chodcov z\u00a0Bieleho Potoka sa zap\u00e1jala do \u010dinnosti klubu d\u00f4chodcov v Ru\u017eomberku <\/span><strong style=\"text-align: justify;\">od\u00a0roku 1996<\/strong><span style=\"text-align: justify;\">.\u00a0\u00a0Boli spokojn\u00ed s\u00a0r\u00f4znymi akciami a\u00a0samozrejme za\u010dali podobn\u00e9 akcie organizova\u0165 medzi seniormi aj v\u00a0Bielom Potoku. T\u00e1to skupina, ktor\u00fa viedol <\/span><strong style=\"text-align: justify;\">p. Anton Gar\u010dek<\/strong><span style=\"text-align: justify;\">\u00a0sa neust\u00e1le zv\u00e4\u010d\u0161ovala a\u00a0na verejnosti u\u017e vystupovali ako <\/span><strong style=\"text-align: justify;\">klub d\u00f4chodcov Biely Potok<\/strong><span style=\"text-align: justify;\">. V\u00a0roku 1997 za\u010dali d\u00f4chodcovia v\u00e1\u017ene uva\u017eova\u0165 o\u00a0tom, \u017ee si zalo\u017eia samostatn\u00fd klub v\u00a0Bielom Potoku. Ve\u013ekou prek\u00e1\u017ekou v\u0161ak bola ch\u00fdbaj\u00faca miestnos\u0165. V\u00a0tomto \u010dase u\u017e jednala predsedn\u00ed\u010dka Mestsk\u00e9ho v\u00fdboru v\u00a0Bielom Potoku Vilma Mi\u0161\u00edkov\u00e1 na Mestskom \u00farade v\u00a0Ru\u017eomberku a\u00a0so spotrebn\u00fdm dru\u017estvom\u00a0Jednota v\u00a0Liptovskom Mikul\u00e1\u0161i o\u00a0poskytnutie nevyu\u017eitej miestnosti v\u00a0kult\u00farnom dome, no v\u00a0majetku SD Jednota Liptovsk\u00fd Mikul\u00e1\u0161.<\/span><\/p>\n<p style=\"text-align: justify;\">Po zd\u013ahav\u00fdch skoro <strong>2 roky trvaj\u00facich jednaniach<\/strong> sa priestory pre klub d\u00f4chodcov stali realitou. <strong>Ms\u00da v\u00a0Ru\u017eomberku vzal do pren\u00e1jmu v\u00a0j\u00fani 1998 od SD Jednota<\/strong> v\u00a0Lipt. Mikul\u00e1\u0161i 2 mal\u00e9 miestnosti pre klub. Prev\u00e1dzkov\u00e9 n\u00e1klady a\u00a0pren\u00e1jom platil Ms\u00da. A\u00a0tak si d\u00f4chodcovia za\u010dali od j\u00fana 1998 klub zaria\u010fova\u0165. Priestory poopravovali, vyma\u013eovali, zariadili a\u00a0skr\u00e1\u0161lili. V\u0161etko z vlastn\u00fdch zdrojov a\u00a0svojpomocne.\u00a0\u00a0Aktivita\u00a0a snaha d\u00f4chodcov sa naplnila\u00a0<strong>17.10.1998.<\/strong>\u00a0<strong>V\u00a0tento de\u0148 bol sl\u00e1vnostne otvoren\u00fd klub d\u00f4chodcov v\u00a0Bielom Potoku.<\/strong> Sl\u00e1vnostn\u00e9ho otvorenia sa z\u00fa\u010dastnil aj prim\u00e1tor mesta JUDr. Juraj \u010cech, ktor\u00fd spolu s\u00a0predsedn\u00ed\u010dkou MsV Biely Potok Vilmou Mi\u0161\u00edkovou prestrihol p\u00e1sku a\u00a0odovzdal klub\u00a0\u00a0d\u00f4chodcom do u\u017e\u00edvania.<\/p>\n<p style=\"text-align: justify;\">V\u00a0janu\u00e1ri 1999 bola ustanovuj\u00faca \u010dlensk\u00e1 sch\u00f4dza. Klub d\u00f4chodcov sa stal so svojimi 95 \u010dlenmi samostatnou organiz\u00e1ciou.\u00a0\u010clensk\u00fd pr\u00edspevok bol 30,- Sk.<\/p>\n<p style=\"text-align: justify;\">Zvolen\u00fd bol v\u00fdbor: <strong>Anton Gar\u010dek \u2013 predseda, Pavla Kasanick\u00e1 \u2013 tajomn\u00edk, Zlatica Mi\u0161\u00edkov\u00e1 \u2013 pokladn\u00edk<\/strong>.<\/p>\n<p style=\"text-align: justify;\">\u010clenovia v\u00fdboru : <strong>Anna Pek\u00e1rov\u00e1, Viola Kenderov\u00e1,\u00a0\u00a0Peter Konder\u00edk, Franti\u0161ek \u0160oo\u0161<\/strong>.<\/p>\n<p style=\"text-align: justify;\"><strong>Klub d\u00f4chodcov je pr\u00edspevkovou organiz\u00e1ciou mesta.<\/strong>\u00a0Po\u010das 10 rokov nastali zmeny aj vo v\u00fdbore. Mesto Ru\u017eomberok odk\u00fapilo priestory od SD Jednota a\u00a0dalo do u\u017e\u00edvania\u00a0\u00a0\u010fal\u0161ie 2 miestnosti\u00a0\u00a0seniorom.\u00a0Predseda Anton Gar\u010dek \/bol predseda od vzniku klubu\/ 20.02.2010 na v\u00fdro\u010dnej \u010dlenskej sch\u00f4dzi klubu informoval \u010dlenov, \u017ee pre zl\u00fd zdravotn\u00fd stav u\u017e nebude vykon\u00e1va\u0165 funkciu predsedu. Z\u00e1rove\u0148 navrhol <strong>za predsedn\u00ed\u010dku klubu Vilmu Mi\u0161\u00edkov\u00fa<\/strong>.\u00a0\u00a0\u010clenovia akceptovali jeho n\u00e1vrh a zvolili\u00a0\u00a0nov\u00fa predsedn\u00ed\u010dku.<\/p>\n<h4 style=\"text-align: justify;\"><span style=\"color: #3366ff;\">2013<\/span><\/h4>\n<h4><strong>24.01.2013 &#8211; Hodnotiaca \u010dlensk\u00e1 sch\u00f4dza pre rok 2012<\/strong><\/h4>\n<p><strong><a title=\"spr\u00e1va\" href=\"http:\/\/www.bielypotok.eu\/wp-content\/uploads\/2013-01-24-DOCHODCI-SPRAVA2012.pdf\" target=\"_blank\">Pre\u010d\u00edtajte si hodnotiacu spr\u00e1vu pre rok 2012<\/a><\/strong><\/p>\nngg_shortcode_0_placeholder\n","protected":false},"excerpt":{"rendered":"<p>Adresa:\u00a0 Klub d\u00f4chodcov\u00a0Ru\u017eomberok &#8211; Biely Potok Hlavn\u00e1 24 034 03 Ru\u017eomberok Predseda: Vilma Mi\u0161\u00edkov\u00e1 Otvorenie klubu: 17.10. 1998 Hist\u00f3ria vzniku klubu: Skupina akt\u00edvnych d\u00f4chodcov z\u00a0Bieleho Potoka sa zap\u00e1jala do \u010dinnosti klubu d\u00f4chodcov v Ru\u017eomberku od\u00a0roku 1996.\u00a0\u00a0Boli spokojn\u00ed s\u00a0r\u00f4znymi akciami a\u00a0samozrejme za\u010dali podobn\u00e9 akcie organizova\u0165 medzi seniormi aj v\u00a0Bielom Potoku. T\u00e1to &#8230;<\/p>\n","protected":false},"author":1,"featured_media":0,"parent":1099,"menu_order":3,"comment_status":"open","ping_status":"open","template":"","meta":{"ngg_post_thumbnail":0,"jetpack_post_was_ever_published":false,"footnotes":""},"class_list":["post-247","page","type-page","status-publish","hentry"],"jetpack_shortlink":"https:\/\/wp.me\/P2I76G-3Z","jetpack_sharing_enabled":true,"_links":{"self":[{"href":"https:\/\/www.bielypotok.eu\/index.php?rest_route=\/wp\/v2\/pages\/247","targetHints":{"allow":["GET"]}}],"collection":[{"href":"https:\/\/www.bielypotok.eu\/index.php?rest_route=\/wp\/v2\/pages"}],"about":[{"href":"https:\/\/www.bielypotok.eu\/index.php?rest_route=\/wp\/v2\/types\/page"}],"author":[{"embeddable":true,"href":"https:\/\/www.bielypotok.eu\/index.php?rest_route=\/wp\/v2\/users\/1"}],"replies":[{"embeddable":true,"href":"https:\/\/www.bielypotok.eu\/index.php?rest_route=%2Fwp%2Fv2%2Fcomments&post=247"}],"version-history":[{"count":13,"href":"https:\/\/www.bielypotok.eu\/index.php?rest_route=\/wp\/v2\/pages\/247\/revisions"}],"predecessor-version":[{"id":409,"href":"https:\/\/www.bielypotok.eu\/index.php?rest_route=\/wp\/v2\/pages\/247\/revisions\/409"}],"up":[{"embeddable":true,"href":"https:\/\/www.bielypotok.eu\/index.php?rest_route=\/wp\/v2\/pages\/1099"}],"wp:attachment":[{"href":"https:\/\/www.bielypotok.eu\/index.php?rest_route=%2Fwp%2Fv2%2Fmedia&parent=247"}],"curies":[{"name":"wp","href":"https:\/\/api.w.org\/{rel}","templated":true}]}}