{"id":243,"date":"2012-07-16T22:47:53","date_gmt":"2012-07-16T22:47:53","guid":{"rendered":"http:\/\/www.bielypotok.eu\/?page_id=243"},"modified":"2025-02-20T21:49:02","modified_gmt":"2025-02-20T19:49:02","slug":"belanske-ladove-medvede","status":"publish","type":"page","link":"https:\/\/www.bielypotok.eu\/?page_id=243","title":{"rendered":"Belansk\u00e9 \u013dadov\u00e9 Medvede"},"content":{"rendered":"ngg_shortcode_0_placeholder\n<em>E-mail:&nbsp;<strong><a href=\"mailto:belanskeladovemedvede1@gmail.com\">belanskeladovemedvede1@gmail.com<\/a><\/strong><\/em>\n<br><br><br><br><br><br>\n\n<h4><span style=\"color: #3366ff;\"><strong>16. febru\u00e1r 2025<\/strong><\/span><\/h4>\n<p>\n<figure class=\"wp-block-embed is-type-video is-provider-youtube wp-block-embed-youtube wp-embed-aspect-16-9 wp-has-aspect-ratio\"><div class=\"wp-block-embed__wrapper\">\n<span class=\"embed-youtube\" style=\"text-align:center; display: block;\"><iframe loading=\"lazy\" class=\"youtube-player\" width=\"700\" height=\"394\" src=\"https:\/\/www.youtube.com\/embed\/Ytsn3Lzzo7A?version=3&#038;rel=1&#038;showsearch=0&#038;showinfo=1&#038;iv_load_policy=1&#038;fs=1&#038;hl=sk-SK&#038;autohide=2&#038;wmode=transparent\" allowfullscreen=\"true\" style=\"border:0;\" sandbox=\"allow-scripts allow-same-origin allow-popups allow-presentation allow-popups-to-escape-sandbox\"><\/iframe><\/span>\n<\/div><\/figure>\n<\/p>\n\n<h4><span style=\"color: #3366ff;\"><strong>19. febru\u00e1r 2017<\/strong><\/span><\/h4>\n<p><iframe loading=\"lazy\" src=\"https:\/\/www.youtube.com\/embed\/qEMxAKtbS90\" width=\"400\" height=\"225\" frameborder=\"0\" allowfullscreen=\"allowfullscreen\"><\/iframe><br>ngg_shortcode_1_placeholder<\/p>\n<h4><span style=\"color: #3366ff;\"><strong>12. december&nbsp;2016<\/strong><\/span><\/h4>\n<p><iframe loading=\"lazy\" src=\"https:\/\/www.youtube.com\/embed\/B9v0mQMsOjI\" width=\"400\" height=\"225\" frameborder=\"0\" allowfullscreen=\"allowfullscreen\"><\/iframe><\/p>\n<h4><span style=\"color: #3366ff;\"><strong>15. november&nbsp;2015<\/strong><\/span><\/h4>\nngg_shortcode_2_placeholder\n<h4><span style=\"color: #3366ff;\"><strong>22. febru\u00e1r&nbsp;2015<\/strong><\/span><\/h4>\n<p><iframe loading=\"lazy\" src=\"https:\/\/www.youtube.com\/embed\/jcMbU5nN3f4\" width=\"400\" height=\"225\" frameborder=\"0\"><\/iframe><\/p>\nngg_shortcode_3_placeholder\n<h4><span style=\"color: #3366ff;\"><strong>15. november&nbsp;2014<\/strong><\/span><\/h4>\nngg_shortcode_4_placeholder\n<p><span style=\"color: #3366ff;\">&nbsp;<strong style=\"font-size: 1em;\">09. febru\u00e1r 2014<\/strong><\/span><\/p>\n<p><iframe loading=\"lazy\" src=\"\/\/www.youtube.com\/embed\/VlZoCidrAYs\" width=\"400\" height=\"225\" frameborder=\"0\"><\/iframe><\/p>\n<h4><span style=\"color: #3366ff;\"><strong>16. marec 2012<\/strong><\/span><\/h4>\nngg_shortcode_5_placeholder","protected":false},"excerpt":{"rendered":"<p>E-mail:&nbsp;belanskeladovemedvede1@gmail.com 16. febru\u00e1r 2025 19. febru\u00e1r 2017 12. december&nbsp;2016 15. november&nbsp;2015 22. febru\u00e1r&nbsp;2015 15. november&nbsp;2014 &nbsp;09. febru\u00e1r 2014 16. marec 2012<\/p>\n","protected":false},"author":1,"featured_media":0,"parent":1097,"menu_order":7,"comment_status":"open","ping_status":"open","template":"","meta":{"ngg_post_thumbnail":0,"jetpack_post_was_ever_published":false,"footnotes":""},"class_list":["post-243","page","type-page","status-publish","hentry"],"jetpack_shortlink":"https:\/\/wp.me\/P2I76G-3V","jetpack_sharing_enabled":true,"_links":{"self":[{"href":"https:\/\/www.bielypotok.eu\/index.php?rest_route=\/wp\/v2\/pages\/243","targetHints":{"allow":["GET"]}}],"collection":[{"href":"https:\/\/www.bielypotok.eu\/index.php?rest_route=\/wp\/v2\/pages"}],"about":[{"href":"https:\/\/www.bielypotok.eu\/index.php?rest_route=\/wp\/v2\/types\/page"}],"author":[{"embeddable":true,"href":"https:\/\/www.bielypotok.eu\/index.php?rest_route=\/wp\/v2\/users\/1"}],"replies":[{"embeddable":true,"href":"https:\/\/www.bielypotok.eu\/index.php?rest_route=%2Fwp%2Fv2%2Fcomments&post=243"}],"version-history":[{"count":28,"href":"https:\/\/www.bielypotok.eu\/index.php?rest_route=\/wp\/v2\/pages\/243\/revisions"}],"predecessor-version":[{"id":14695,"href":"https:\/\/www.bielypotok.eu\/index.php?rest_route=\/wp\/v2\/pages\/243\/revisions\/14695"}],"up":[{"embeddable":true,"href":"https:\/\/www.bielypotok.eu\/index.php?rest_route=\/wp\/v2\/pages\/1097"}],"wp:attachment":[{"href":"https:\/\/www.bielypotok.eu\/index.php?rest_route=%2Fwp%2Fv2%2Fmedia&parent=243"}],"curies":[{"name":"wp","href":"https:\/\/api.w.org\/{rel}","templated":true}]}}