{"id":205,"date":"2012-07-16T22:29:05","date_gmt":"2012-07-16T22:29:05","guid":{"rendered":"http:\/\/www.bielypotok.eu\/?page_id=205"},"modified":"2012-12-25T20:35:56","modified_gmt":"2012-12-25T18:35:56","slug":"futbalovy-klub","status":"publish","type":"page","link":"https:\/\/www.bielypotok.eu\/?page_id=205","title":{"rendered":"Spolok bursovn\u00edkov"},"content":{"rendered":"<h4 style=\"text-align: justify;\">Bursa 2012<\/h4>\n<p style=\"text-align: justify;\">Po \u0161es\u0165 ro\u010dnej prest\u00e1vke sa mlad\u00ed z\u00a0Bieleho Potoka rozhodli op\u00e4\u0165 o\u017eivi\u0165 dlhoro\u010dn\u00fd zvyk a to tradi\u010dn\u00fa Fa\u0161iangov\u00fa bursu! Tak\u00fa, ak\u00e1 b\u00fdvala v obci po mnoh\u00e9 roky, to znamen\u00e1 fa\u0161iangov\u00e1 z\u00e1bava \u2013 bursa trvaj\u00faca tri dni!\u00a0Pomerne ve\u013ek\u00fd z\u00e1ujem mlad\u00fdch mal za n\u00e1sledok, \u017ee sa zi\u0161lo a\u017e 16 p\u00e1rov. Po 2 mesa\u010dnej pr\u00edprave, zh\u00e1\u0148an\u00ed krojov, n\u00e1cviku piesn\u00ed, tancov a\u00a0vo\u013eby richt\u00e1ra a\u00a0richt\u00e1rky, bolo v\u0161etko pripraven\u00e9, aby sa mohlo za\u010da\u0165!<\/p>\n<p><iframe loading=\"lazy\" src=\"http:\/\/www.youtube.com\/embed\/97Mt-rTeV2s\" frameborder=\"0\" width=\"400\" height=\"225\"><\/iframe><\/p>\n<p><iframe loading=\"lazy\" src=\"http:\/\/www.youtube.com\/embed\/t4So5w8Vdcc\" frameborder=\"0\" width=\"400\" height=\"225\"><\/iframe><\/p>\n<p><iframe loading=\"lazy\" src=\"http:\/\/www.youtube.com\/embed\/sHIspnlp7ng\" frameborder=\"0\" width=\"400\" height=\"225\"><\/iframe><\/p>\n<p><iframe loading=\"lazy\" src=\"http:\/\/www.youtube.com\/embed\/vmN7bTOg4zU\" frameborder=\"0\" width=\"400\" height=\"225\"><\/iframe><\/p>\n<p><iframe loading=\"lazy\" src=\"http:\/\/www.youtube.com\/embed\/Bt2jVH6w5Zo\" frameborder=\"0\" width=\"400\" height=\"225\"><\/iframe><\/p>\n","protected":false},"excerpt":{"rendered":"<p>Bursa 2012 Po \u0161es\u0165 ro\u010dnej prest\u00e1vke sa mlad\u00ed z\u00a0Bieleho Potoka rozhodli op\u00e4\u0165 o\u017eivi\u0165 dlhoro\u010dn\u00fd zvyk a to tradi\u010dn\u00fa Fa\u0161iangov\u00fa bursu! Tak\u00fa, ak\u00e1 b\u00fdvala v obci po mnoh\u00e9 roky, to znamen\u00e1 fa\u0161iangov\u00e1 z\u00e1bava \u2013 bursa trvaj\u00faca tri dni!\u00a0Pomerne ve\u013ek\u00fd z\u00e1ujem mlad\u00fdch mal za n\u00e1sledok, \u017ee sa zi\u0161lo a\u017e 16 p\u00e1rov. Po &#8230;<\/p>\n","protected":false},"author":1,"featured_media":0,"parent":1099,"menu_order":7,"comment_status":"open","ping_status":"open","template":"","meta":{"ngg_post_thumbnail":0,"jetpack_post_was_ever_published":false,"footnotes":""},"class_list":["post-205","page","type-page","status-publish","hentry"],"jetpack_shortlink":"https:\/\/wp.me\/P2I76G-3j","jetpack_sharing_enabled":true,"_links":{"self":[{"href":"https:\/\/www.bielypotok.eu\/index.php?rest_route=\/wp\/v2\/pages\/205","targetHints":{"allow":["GET"]}}],"collection":[{"href":"https:\/\/www.bielypotok.eu\/index.php?rest_route=\/wp\/v2\/pages"}],"about":[{"href":"https:\/\/www.bielypotok.eu\/index.php?rest_route=\/wp\/v2\/types\/page"}],"author":[{"embeddable":true,"href":"https:\/\/www.bielypotok.eu\/index.php?rest_route=\/wp\/v2\/users\/1"}],"replies":[{"embeddable":true,"href":"https:\/\/www.bielypotok.eu\/index.php?rest_route=%2Fwp%2Fv2%2Fcomments&post=205"}],"version-history":[{"count":17,"href":"https:\/\/www.bielypotok.eu\/index.php?rest_route=\/wp\/v2\/pages\/205\/revisions"}],"predecessor-version":[{"id":900,"href":"https:\/\/www.bielypotok.eu\/index.php?rest_route=\/wp\/v2\/pages\/205\/revisions\/900"}],"up":[{"embeddable":true,"href":"https:\/\/www.bielypotok.eu\/index.php?rest_route=\/wp\/v2\/pages\/1099"}],"wp:attachment":[{"href":"https:\/\/www.bielypotok.eu\/index.php?rest_route=%2Fwp%2Fv2%2Fmedia&parent=205"}],"curies":[{"name":"wp","href":"https:\/\/api.w.org\/{rel}","templated":true}]}}