{"id":185,"date":"2012-07-13T21:52:32","date_gmt":"2012-07-13T21:52:32","guid":{"rendered":"http:\/\/www.bielypotok.eu\/?page_id=185"},"modified":"2024-06-14T21:34:40","modified_gmt":"2024-06-14T19:34:40","slug":"videogaleria","status":"publish","type":"page","link":"https:\/\/www.bielypotok.eu\/?page_id=185","title":{"rendered":"Videogal\u00e9ria"},"content":{"rendered":"<table>\n<tbody>\n<tr>\n<td style=\"text-align: left;\">Na t\u00fdchto str\u00e1nkach je pou\u017eit\u00fd z\u00e1znam z arch\u00edvu <strong><a title=\"MTR\" href=\"http:\/\/www.mtr.sk\" target=\"_blank\" rel=\"noopener\">Mestskej telev\u00edzie Ru\u017eomberok<\/a><\/strong>.<\/td>\n<\/tr>\n<\/tbody>\n<\/table>\nngg_shortcode_0_placeholder\n<h4><span style=\"color: #3366ff;\">Rok 2022<\/span><\/h4>\n<h4><strong>28. febru\u00e1r 2022 &#8211; U z\u00fafalca<\/strong><\/h4>\n<p><iframe loading=\"lazy\" src=\"https:\/\/www.youtube.com\/embed\/vFDmGJsVRPc\" width=\"560\" height=\"315\" frameborder=\"0\" allowfullscreen=\"allowfullscreen\"><\/iframe><\/p>\n<h4><span style=\"color: #3366ff;\">Rok 2018<\/span><\/h4>\n<h4><strong>19. august 2018 &#8211; Belansk\u00e1 15-ka<\/strong><\/h4>\n<p><iframe loading=\"lazy\" src=\"https:\/\/www.youtube.com\/embed\/bWsCacaAeMw\" width=\"560\" height=\"315\" frameborder=\"0\" allowfullscreen=\"allowfullscreen\"><\/iframe><\/p>\n<h4><strong>12. august 2018 &#8211; Belansk\u00e9 gance<\/strong><\/h4>\n<p><iframe loading=\"lazy\" src=\"https:\/\/www.youtube.com\/embed\/nzueGhcDV3k\" width=\"560\" height=\"315\" frameborder=\"0\" allowfullscreen=\"allowfullscreen\"><\/iframe><\/p>\n<h4><strong>10. j\u00fan 2018 &#8211; V\u00fdhliadka na Sidorove<\/strong><\/h4>\n<p><iframe loading=\"lazy\" src=\"https:\/\/www.youtube.com\/embed\/twvNVZ43bvw\" width=\"560\" height=\"315\" frameborder=\"0\" allowfullscreen=\"allowfullscreen\"><\/iframe><\/p>\n<h4><span style=\"color: #3366ff;\">Rok 2017<\/span><\/h4>\n<h4><strong>26. marec 2017 &#8211; Vyn\u00e1\u0161anie Murieny<\/strong><\/h4>\n<p><iframe loading=\"lazy\" src=\"https:\/\/www.youtube.com\/embed\/6sbqR64s26I\" width=\"400\" height=\"225\" frameborder=\"0\" allowfullscreen=\"allowfullscreen\"><\/iframe><\/p>\n<h4><strong>19. febru\u00e1r 2017 &#8211; Zimn\u00e9 pl\u00e1vanie s medve\u010fmi<\/strong><\/h4>\n<p><iframe loading=\"lazy\" src=\"https:\/\/www.youtube.com\/embed\/qEMxAKtbS90\" width=\"400\" height=\"225\" frameborder=\"0\" allowfullscreen=\"allowfullscreen\"><\/iframe><\/p>\n<h4><span style=\"color: #3366ff;\">Rok 2016<\/span><\/h4>\n<h4><strong>13. december 2016 &#8211; Belansk\u00e9 \u013eadov\u00e9 medvede &#8211; sez\u00f3na 2016<\/strong><\/h4>\n<p><iframe loading=\"lazy\" src=\"https:\/\/www.youtube.com\/embed\/B9v0mQMsOjI\" width=\"400\" height=\"225\" frameborder=\"0\" allowfullscreen=\"allowfullscreen\"><\/iframe><\/p>\n<h4><strong>21. apr\u00edl 2016 &#8211; Belansk\u00e1 15<\/strong><\/h4>\n<p><iframe loading=\"lazy\" src=\"https:\/\/www.youtube.com\/embed\/560Cj-AkAhI\" width=\"400\" height=\"225\" frameborder=\"0\" allowfullscreen=\"allowfullscreen\"><\/iframe><\/p>\n<h4><strong>23. apr\u00edl 2016 &#8211; De\u0148 Zeme<\/strong><\/h4>\n<p><iframe loading=\"lazy\" src=\"https:\/\/www.youtube.com\/embed\/0VHLv0Y0Z_M\" width=\"400\" height=\"225\" frameborder=\"0\" allowfullscreen=\"allowfullscreen\"><\/iframe><\/p>\n<h4><strong>29. febru\u00e1r 2016 &#8211; Belansk\u00e9 \u013eadov\u00e9 medvede<\/strong><\/h4>\n<p><iframe loading=\"lazy\" src=\"https:\/\/www.youtube.com\/embed\/_6E5lsyZ0ag\" width=\"400\" height=\"225\" frameborder=\"0\" allowfullscreen=\"allowfullscreen\"><\/iframe><\/p>\n<h4><strong>30. janu\u00e1r 2016 &#8211; Detsk\u00fd karneval<\/strong><\/h4>\n<p><iframe loading=\"lazy\" src=\"https:\/\/www.youtube.com\/embed\/sFsTJtICOuY\" width=\"400\" height=\"225\" frameborder=\"0\" allowfullscreen=\"allowfullscreen\"><\/iframe><\/p>\n<h4><span style=\"color: #3366ff;\">Rok 2015<\/span><\/h4>\n<h4><strong>24. august 2015 &#8211; Cesta na Bielom Potoku<\/strong><\/h4>\n<p><iframe loading=\"lazy\" src=\"https:\/\/www.youtube.com\/embed\/M7ZGy7d_Z1g\" width=\"400\" height=\"225\" frameborder=\"0\"><\/iframe><\/p>\n<h4><strong>08. august 2015 &#8211; Belansk\u00e9 gance<\/strong><\/h4>\n<p><iframe loading=\"lazy\" src=\"https:\/\/www.youtube.com\/embed\/kckrjNc2q70\" width=\"400\" height=\"225\" frameborder=\"0\"><\/iframe><\/p>\n<h4><strong>20. j\u00fan 2015 &#8211; J\u00e1nske ohne<\/strong><\/h4>\n<p><iframe loading=\"lazy\" src=\"https:\/\/www.youtube.com\/embed\/wF8MdSrdE-A?rel=0\" width=\"400\" height=\"225\" frameborder=\"0\"><\/iframe><\/p>\n<h4><strong>22. febru\u00e1r 2015 &#8211; Pl\u00e1vanie s medve\u010fmi v Hrabove<\/strong><\/h4>\n<p><iframe loading=\"lazy\" src=\"https:\/\/www.youtube.com\/embed\/jcMbU5nN3f4\" width=\"400\" height=\"225\" frameborder=\"0\"><\/iframe><\/p>\n<h4><span style=\"color: #3366ff;\">Rok 2014<\/span><\/h4>\n<h4><strong>09. september 2014 &#8211; Monografia Bieleho Potoka a Vlkol\u00ednca<\/strong><\/h4>\n<p><iframe loading=\"lazy\" src=\"\/\/www.youtube.com\/embed\/rHC6Ge_bO-A\" width=\"400\" height=\"225\" frameborder=\"0\"><\/iframe><\/p>\n<h4><strong>11. august 2014 &#8211; Belansk\u00e9 gance<\/strong><\/h4>\n<p><iframe loading=\"lazy\" src=\"\/\/www.youtube.com\/embed\/vc8xD3bU5Hg\" width=\"400\" height=\"225\" frameborder=\"0\"><\/iframe><\/p>\n<h4><strong>05. m\u00e1j 2014 &#8211; Stavanie m\u00e1jov<\/strong><\/h4>\n<p><iframe loading=\"lazy\" src=\"\/\/www.youtube.com\/embed\/LoOYWRsTFPI\" width=\"400\" height=\"225\" frameborder=\"0\"><\/iframe><\/p>\n<h4><strong>26. apr\u00edl 2014 &#8211; De\u0148 Zeme<\/strong><\/h4>\n<p><iframe loading=\"lazy\" src=\"\/\/www.youtube.com\/embed\/VV6hHxoSxlw\" width=\"400\" height=\"225\" frameborder=\"0\"><\/iframe><\/p>\n<h4><strong>09. febru\u00e1r 2014 &#8211; Belansk\u00e9 \u013eadov\u00e9 medvede<\/strong><\/h4>\n<p><iframe loading=\"lazy\" src=\"\/\/www.youtube.com\/embed\/VlZoCidrAYs\" width=\"400\" height=\"225\" frameborder=\"0\"><\/iframe><\/p>\n<h4><span style=\"color: #3366ff;\">Rok 2013<\/span><\/h4>\n<h4><strong>25. august 2013 &#8211; Belansk\u00e1 15<\/strong><\/h4>\n<p><iframe loading=\"lazy\" src=\"\/\/www.youtube.com\/embed\/wQKRmkEtMVs\" width=\"400\" height=\"300\" frameborder=\"0\"><\/iframe><\/p>\n<h4><strong>10. august 2013 &#8211; Belansk\u00e9 gance<\/strong><\/h4>\n<p><iframe loading=\"lazy\" src=\"\/\/www.youtube.com\/embed\/WoJMlPGVIYo\" width=\"400\" height=\"225\" frameborder=\"0\"><\/iframe><\/p>\n<h4><span style=\"color: #3366ff;\">Rok 2012<\/span><\/h4>\n<h4><strong>16. december 2012 &#8211; Tajomn\u00e1 chv\u00ed\u013ea pri Betleheme<\/strong><\/h4>\n<p><iframe loading=\"lazy\" src=\"http:\/\/www.youtube.com\/embed\/49OHOdqblaE\" width=\"400\" height=\"300\" frameborder=\"0\"><\/iframe><\/p>\n<h4><strong>02. december 2012 &#8211; Stretnutie s Mikul\u00e1\u0161om<\/strong><\/h4>\n<p><iframe loading=\"lazy\" src=\"http:\/\/www.youtube.com\/embed\/ugKZnwhAP2M\" width=\"400\" height=\"300\" frameborder=\"0\"><\/iframe><br \/>\n<iframe loading=\"lazy\" src=\"http:\/\/www.youtube.com\/embed\/p3JUm8QQ_ew\" width=\"400\" height=\"300\" frameborder=\"0\"><\/iframe><br \/>\n<iframe loading=\"lazy\" src=\"http:\/\/www.youtube.com\/embed\/yOfL90ae0aQ\" width=\"400\" height=\"300\" frameborder=\"0\"><\/iframe><br \/>\n<iframe loading=\"lazy\" src=\"http:\/\/www.youtube.com\/embed\/eqMl91jj6ZA\" width=\"400\" height=\"300\" frameborder=\"0\"><\/iframe><br \/>\n<iframe loading=\"lazy\" src=\"http:\/\/www.youtube.com\/embed\/FbOLql1n8-k\" width=\"400\" height=\"300\" frameborder=\"0\"><\/iframe><\/p>\n<h4><strong>10. december 2012 &#8211; U\u010dia sa po anglicky<\/strong><\/h4>\n<p><iframe loading=\"lazy\" src=\"http:\/\/www.youtube.com\/embed\/Vd5WeSXJyKY\" width=\"400\" height=\"300\" frameborder=\"0\"><\/iframe><\/p>\n<h4><strong>24. okt\u00f3ber 2012 &#8211; Netradi\u010dn\u00e9 jablko<\/strong><\/h4>\n<p><iframe loading=\"lazy\" src=\"http:\/\/www.youtube.com\/embed\/lYzD7liBGuU\" width=\"400\" height=\"300\" frameborder=\"0\"><\/iframe><\/p>\n<h4><strong>17. september 2012 &#8211; Nov\u00fd web Bieleho Potoka<\/strong><\/h4>\n<p><iframe loading=\"lazy\" src=\"http:\/\/www.youtube.com\/embed\/0F8imOCEwqA\" width=\"400\" height=\"300\" frameborder=\"0\"><\/iframe><\/p>\n<h4><strong>19. august 2012 &#8211; Belansk\u00e1 p\u00e4\u0165n\u00e1stka<\/strong><\/h4>\n<p><iframe loading=\"lazy\" src=\"http:\/\/www.youtube.com\/embed\/mp-VOiqpdBI\" width=\"400\" height=\"300\" frameborder=\"0\"><\/iframe><\/p>\n<h4><strong>11. august 2012 &#8211; Belansk\u00e9 gance<\/strong><\/h4>\n<p><iframe loading=\"lazy\" src=\"http:\/\/www.youtube.com\/embed\/u_UENx1ilBI\" width=\"400\" height=\"300\" frameborder=\"0\"><\/iframe><\/p>\n<h4><strong>21. apr\u00edl 2012 &#8211; De\u0148 Zeme<\/strong><\/h4>\n<p><iframe loading=\"lazy\" src=\"http:\/\/www.youtube.com\/embed\/AwqjBxyVq98\" width=\"400\" height=\"300\" frameborder=\"0\"><\/iframe><\/p>\n<h4>11. febru\u00e1r 2012 &#8211; Detsk\u00fd karneval<\/h4>\n<p><iframe loading=\"lazy\" src=\"http:\/\/www.youtube.com\/embed\/R4gLuKZOVhY\" width=\"400\" height=\"300\" frameborder=\"0\"><\/iframe><\/p>\n<h4><strong>2012 &#8211; Bursa<\/strong><\/h4>\n<p><iframe loading=\"lazy\" src=\"http:\/\/www.youtube.com\/embed\/97Mt-rTeV2s\" width=\"400\" height=\"225\" frameborder=\"0\"><\/iframe><\/p>\n<p><iframe loading=\"lazy\" src=\"http:\/\/www.youtube.com\/embed\/t4So5w8Vdcc\" width=\"400\" height=\"225\" frameborder=\"0\"><\/iframe><\/p>\n<p><iframe loading=\"lazy\" src=\"http:\/\/www.youtube.com\/embed\/sHIspnlp7ng\" width=\"400\" height=\"225\" frameborder=\"0\"><\/iframe><\/p>\n<p><iframe loading=\"lazy\" src=\"http:\/\/www.youtube.com\/embed\/vmN7bTOg4zU\" width=\"400\" height=\"225\" frameborder=\"0\"><\/iframe><\/p>\n<p><iframe loading=\"lazy\" src=\"http:\/\/www.youtube.com\/embed\/Bt2jVH6w5Zo\" width=\"400\" height=\"225\" frameborder=\"0\"><\/iframe><\/p>\n<h4><span style=\"color: #3366ff;\">Rok 2011<\/span><\/h4>\n<h4><strong>18. december 2011 &#8211; Betlehem<\/strong><\/h4>\n<p><iframe loading=\"lazy\" src=\"http:\/\/www.youtube.com\/embed\/tjK6GEfVDoQ\" width=\"400\" height=\"300\" frameborder=\"0\"><\/iframe><\/p>\n<h4><span style=\"color: #3366ff;\">Rok 2010<\/span><\/h4>\n<h4><strong>26. apr\u00edl 2010 &#8211; De\u0148 Zeme<\/strong><\/h4>\n<p><iframe loading=\"lazy\" src=\"http:\/\/www.youtube.com\/embed\/oCkMEQB_Qhs\" width=\"400\" height=\"300\" frameborder=\"0\"><\/iframe><\/p>\n","protected":false},"excerpt":{"rendered":"<p>Na t\u00fdchto str\u00e1nkach je pou\u017eit\u00fd z\u00e1znam z arch\u00edvu Mestskej telev\u00edzie Ru\u017eomberok. Rok 2022 28. febru\u00e1r 2022 &#8211; U z\u00fafalca Rok 2018 19. august 2018 &#8211; Belansk\u00e1 15-ka 12. august 2018 &#8211; Belansk\u00e9 gance 10. j\u00fan 2018 &#8211; V\u00fdhliadka na Sidorove Rok 2017 26. marec 2017 &#8211; Vyn\u00e1\u0161anie Murieny 19. febru\u00e1r &#8230;<\/p>\n","protected":false},"author":1,"featured_media":0,"parent":181,"menu_order":2,"comment_status":"open","ping_status":"open","template":"","meta":{"ngg_post_thumbnail":0,"jetpack_post_was_ever_published":false,"footnotes":""},"class_list":["post-185","page","type-page","status-publish","hentry"],"jetpack_shortlink":"https:\/\/wp.me\/P2I76G-2Z","jetpack_sharing_enabled":true,"_links":{"self":[{"href":"https:\/\/www.bielypotok.eu\/index.php?rest_route=\/wp\/v2\/pages\/185","targetHints":{"allow":["GET"]}}],"collection":[{"href":"https:\/\/www.bielypotok.eu\/index.php?rest_route=\/wp\/v2\/pages"}],"about":[{"href":"https:\/\/www.bielypotok.eu\/index.php?rest_route=\/wp\/v2\/types\/page"}],"author":[{"embeddable":true,"href":"https:\/\/www.bielypotok.eu\/index.php?rest_route=\/wp\/v2\/users\/1"}],"replies":[{"embeddable":true,"href":"https:\/\/www.bielypotok.eu\/index.php?rest_route=%2Fwp%2Fv2%2Fcomments&post=185"}],"version-history":[{"count":68,"href":"https:\/\/www.bielypotok.eu\/index.php?rest_route=\/wp\/v2\/pages\/185\/revisions"}],"predecessor-version":[{"id":14549,"href":"https:\/\/www.bielypotok.eu\/index.php?rest_route=\/wp\/v2\/pages\/185\/revisions\/14549"}],"up":[{"embeddable":true,"href":"https:\/\/www.bielypotok.eu\/index.php?rest_route=\/wp\/v2\/pages\/181"}],"wp:attachment":[{"href":"https:\/\/www.bielypotok.eu\/index.php?rest_route=%2Fwp%2Fv2%2Fmedia&parent=185"}],"curies":[{"name":"wp","href":"https:\/\/api.w.org\/{rel}","templated":true}]}}