{"id":14972,"date":"2026-02-01T17:05:22","date_gmt":"2026-02-01T15:05:22","guid":{"rendered":"https:\/\/www.bielypotok.eu\/?page_id=14972"},"modified":"2026-02-01T17:06:12","modified_gmt":"2026-02-01T15:06:12","slug":"tajomna-chvila-2025","status":"publish","type":"page","link":"https:\/\/www.bielypotok.eu\/?page_id=14972","title":{"rendered":"Tajomn\u00e1 chv\u00ed\u013ea 2025"},"content":{"rendered":"\n<h4 class=\"wp-block-heading\">21. december 2025<\/h4>\n\n\nngg_shortcode_0_placeholder\n","protected":false},"excerpt":{"rendered":"<p>21. december 2025<\/p>\n","protected":false},"author":1,"featured_media":0,"parent":0,"menu_order":0,"comment_status":"closed","ping_status":"closed","template":"","meta":{"ngg_post_thumbnail":0,"jetpack_post_was_ever_published":false,"footnotes":""},"class_list":["post-14972","page","type-page","status-publish","hentry"],"jetpack_shortlink":"https:\/\/wp.me\/P2I76G-3Tu","jetpack_sharing_enabled":true,"_links":{"self":[{"href":"https:\/\/www.bielypotok.eu\/index.php?rest_route=\/wp\/v2\/pages\/14972","targetHints":{"allow":["GET"]}}],"collection":[{"href":"https:\/\/www.bielypotok.eu\/index.php?rest_route=\/wp\/v2\/pages"}],"about":[{"href":"https:\/\/www.bielypotok.eu\/index.php?rest_route=\/wp\/v2\/types\/page"}],"author":[{"embeddable":true,"href":"https:\/\/www.bielypotok.eu\/index.php?rest_route=\/wp\/v2\/users\/1"}],"replies":[{"embeddable":true,"href":"https:\/\/www.bielypotok.eu\/index.php?rest_route=%2Fwp%2Fv2%2Fcomments&post=14972"}],"version-history":[{"count":3,"href":"https:\/\/www.bielypotok.eu\/index.php?rest_route=\/wp\/v2\/pages\/14972\/revisions"}],"predecessor-version":[{"id":14975,"href":"https:\/\/www.bielypotok.eu\/index.php?rest_route=\/wp\/v2\/pages\/14972\/revisions\/14975"}],"wp:attachment":[{"href":"https:\/\/www.bielypotok.eu\/index.php?rest_route=%2Fwp%2Fv2%2Fmedia&parent=14972"}],"curies":[{"name":"wp","href":"https:\/\/api.w.org\/{rel}","templated":true}]}}