{"id":140,"date":"2012-05-28T18:48:38","date_gmt":"2012-05-28T18:48:38","guid":{"rendered":"http:\/\/www.bielypotok.eu\/?page_id=140"},"modified":"2014-02-27T20:12:55","modified_gmt":"2014-02-27T18:12:55","slug":"kulturny-dom","status":"publish","type":"page","link":"https:\/\/www.bielypotok.eu\/?page_id=140","title":{"rendered":"Kult\u00farny dom"},"content":{"rendered":"<p style=\"text-align: justify;\">ngg_shortcode_0_placeholder<\/p>\n<p style=\"text-align: justify;\">Kult\u00farny dom Biely Potok je multifunk\u010dn\u00e1 budova, ktor\u00e1 sl\u00fa\u017ei hlavne ob\u010danom mestskej \u010dasti Biely Potok. M\u00e1 dve podla\u017eia, na pr\u00edzem\u00ed budovy sa nach\u00e1dzaj\u00fa potraviny, po\u0161ta, pohostinstvo a predaj\u0148a papiera. Na poschod\u00ed budovy s\u00fa priestory pre kult\u00farne a spolo\u010densk\u00e9 podujatia &#8211; ve\u013ek\u00e1 s\u00e1la, zasada\u010dka, multifunk\u010dn\u00fd priestor vestibul, kuchynka, kancel\u00e1ria MsV B.Potok, posil\u0148ov\u0148a pre ml\u00e1de\u017e, kni\u017enica, ambulancia v\u0161eobecn\u00e9ho lek\u00e1ra, klub d\u00f4chodcov, byt spr\u00e1vcu a nebytov\u00fd priestor, ktor\u00fd je vyu\u017e\u00edvan\u00fd s\u010dasti na prechodn\u00e9 b\u00fdvanie a s\u010dasti ako priestor hudobnej sk\u00fa\u0161obne.<\/p>\n<p style=\"text-align: justify;\"><strong>Z hist\u00f3rie kult\u00farneho domu<\/strong><\/p>\n<p style=\"text-align: justify;\">Budova sa za\u010dala stava\u0165 v roku 1969 za spolu\u00fa\u010dasti JRD B.Potok, MsNV Ru\u017eomberok a Jednoty L.Mikul\u00e1\u0161. Stavba trvala 5 rokov a sl\u00e1vnostn\u00e9 otvorenie sa konalo 24.08.1974.<\/p>\n<p style=\"text-align: justify;\">Na budove bolo odpracovan\u00fdch mno\u017estvo dobrovo\u013en\u00fdch brig\u00e1dnick\u00fdch hod\u00edn a spo\u010diatku niesla budova n\u00e1zov Dru\u017estevn\u00fd klub. Majite\u013eom budovy sa stalo JRD a Jednota, nesk\u00f4r\u00a0podiel JRD prebralo mesto Ru\u017eomberok a Kult\u00farne a informa\u010dn\u00e9 centrum sa stalo spr\u00e1vcom mestsk\u00e9ho majetku v budove. Po zru\u0161en\u00ed KIC od 01.09.2004 budova pre\u0161la priamo pod spr\u00e1vu Ms\u00da Ru\u017eomberok a\u017e do apr\u00edla 2007, kedy budovu prevzal KDAH a.s.<\/p>\n<p style=\"text-align: justify;\"><strong>Zo s\u00fa\u010dastnosti kult\u00farneho domu<\/strong><\/p>\n<p style=\"text-align: justify;\">ngg_shortcode_1_placeholder<\/p>\n<p style=\"text-align: justify;\">Priestory kult.domu poskytuj\u00fa \u0161irok\u00e9 mo\u017enosti na kult\u00farno-spolo\u010densk\u00e9 vyu\u017eitie. K dispoz\u00edci\u00ed je ve\u013ek\u00e1 s\u00e1la \/rozmery 18&#215;14,5m\/ a javisko \/rozmery 12X14,5 m\/, ktor\u00e9 sa vyu\u017e\u00edvaj\u00fa hlavne na usporiadanie plesov, divadeln\u00fdch predstaven\u00ed, stu\u017ekov\u00fdch sl\u00e1vnost\u00ed, verejn\u00fdch stretnut\u00ed ob\u010danov, cvi\u010denie aerobiku, sl\u00e1vnostn\u00fdch programov pre matky, d\u00f4chodcov, deti, viano\u010dn\u00e9ho programu, koncertov \u010di r\u00f4znych rodinn\u00fdch osl\u00e1v. K dispoz\u00edii je tie\u017e \u0161at\u0148a pre \u00fa\u010dinkuj\u00facich, kuchy\u0148a so z\u00e1kladn\u00fdm vybaven\u00edm \/kuchynsk\u00fd riad, chladni\u010dka, elektr.spor\u00e1k, mikrovlnn\u00e1 r\u00fara\/. Zasada\u010dka s klav\u00edrom \/rozmery 5&#215;9 m\/ pon\u00faka pr\u00edle\u017eitos\u0165 pre zdravotn\u00e9 predn\u00e1\u0161ky, men\u0161ie sch\u00f4dze, stret\u00e1vky politick\u00fdch str\u00e1n, klubov det\u00ed \u010di n\u00e1cvik spevokolu. Multifunk\u010dn\u00fd priestor vestibulu \/rozmery 25&#215;6 m\/ s bufetov\u00fdm k\u00fatikom je vyu\u017e\u00edvan\u00fd na v\u00fdro\u010dn\u00e9 sch\u00f4dze firiem, drobn\u00e9 predajn\u00e9 akcie, men\u0161ie rodinn\u00e9 posedenia, v\u00fdstavy, stret\u00e1vky ob\u010danov s poslancami \u010di ako volebn\u00e1 miestnos\u0165, bufetov\u00fd k\u00fatik sl\u00fa\u017ei na ob\u010derstvenie po\u010das podujat\u00ed vo ve\u013ekej s\u00e1le.<\/p>\n<p style=\"text-align: justify;\"><strong>Kapacita kult\u00farneho domu<\/strong><\/p>\n<ul style=\"text-align: justify;\">\n<li>Ve\u013ek\u00e1 s\u00e1la\u00a0na sedenie max. 150 miest,\u00a0na st\u00e1tie max. 400 miest<\/li>\n<li>Zasada\u010dka:\u00a0na sedenie max. 20 miest<\/li>\n<li>Vestibul:\u00a0na sedenie max. 50 miest<\/li>\n<li>Ve\u013ek\u00e1 s\u00e1la, cel\u00fd vestibul:\u00a0na sedenie max. 230 miest<\/li>\n<\/ul>\n<p style=\"text-align: justify;\">Kult\u00farny dom okrem vlastn\u00fdch aktiv\u00edt, \u010di poskytovania slu\u017eieb a priestorov pre ob\u010danov, spolupracuje pri poriadan\u00ed r\u00f4znych aktiv\u00edt v obci \/kult\u00farnych \u010di \u0161portov\u00fdch\/, pon\u00faka formu propag\u00e1cie prostredn\u00edctvom obecn\u00e9ho rozhlasu \/be\u017en\u00e9 oznamy, kult. podujatia, \u017eivotn\u00e9 jubile\u00e1, sm\u00fato\u010dn\u00e9 rozl\u00fa\u010dky\/, m\u00e1 v starostlivosti vylepovanie plag\u00e1tov, drobn\u00fdch oznamov a kult. podujat\u00ed vo vitr\u00edne pred kult. domom. Taktie\u017e, hlavne v letn\u00fdch mesiacoch, na usporiadanie koncertov v r\u00e1mci hudobn\u00e9ho kult. leta, m\u00e1me k dispoz\u00edcii bl\u00edzke priestory Are\u00e1lu oddychu so seden\u00edm a mal\u00fdm amfite\u00e1trom.<\/p>\n<p style=\"text-align: justify;\">V priestoroch kult\u00farneho domu radi priv\u00edtame v\u0161etk\u00fdch n\u00e1v\u0161tevn\u00edkov a te\u0161\u00edme sa na spolupr\u00e1cu s Vami.<\/p>\n<p style=\"text-align: justify;\">\n","protected":false},"excerpt":{"rendered":"<p>Kult\u00farny dom Biely Potok je multifunk\u010dn\u00e1 budova, ktor\u00e1 sl\u00fa\u017ei hlavne ob\u010danom mestskej \u010dasti Biely Potok. M\u00e1 dve podla\u017eia, na pr\u00edzem\u00ed budovy sa nach\u00e1dzaj\u00fa potraviny, po\u0161ta, pohostinstvo a predaj\u0148a papiera. Na poschod\u00ed budovy s\u00fa priestory pre kult\u00farne a spolo\u010densk\u00e9 podujatia &#8211; ve\u013ek\u00e1 s\u00e1la, zasada\u010dka, multifunk\u010dn\u00fd priestor vestibul, kuchynka, kancel\u00e1ria MsV B.Potok, &#8230;<\/p>\n","protected":false},"author":1,"featured_media":0,"parent":14,"menu_order":4,"comment_status":"open","ping_status":"open","template":"","meta":{"ngg_post_thumbnail":0,"jetpack_post_was_ever_published":false,"footnotes":""},"class_list":["post-140","page","type-page","status-publish","hentry"],"jetpack_shortlink":"https:\/\/wp.me\/P2I76G-2g","jetpack_sharing_enabled":true,"_links":{"self":[{"href":"https:\/\/www.bielypotok.eu\/index.php?rest_route=\/wp\/v2\/pages\/140","targetHints":{"allow":["GET"]}}],"collection":[{"href":"https:\/\/www.bielypotok.eu\/index.php?rest_route=\/wp\/v2\/pages"}],"about":[{"href":"https:\/\/www.bielypotok.eu\/index.php?rest_route=\/wp\/v2\/types\/page"}],"author":[{"embeddable":true,"href":"https:\/\/www.bielypotok.eu\/index.php?rest_route=\/wp\/v2\/users\/1"}],"replies":[{"embeddable":true,"href":"https:\/\/www.bielypotok.eu\/index.php?rest_route=%2Fwp%2Fv2%2Fcomments&post=140"}],"version-history":[{"count":8,"href":"https:\/\/www.bielypotok.eu\/index.php?rest_route=\/wp\/v2\/pages\/140\/revisions"}],"predecessor-version":[{"id":767,"href":"https:\/\/www.bielypotok.eu\/index.php?rest_route=\/wp\/v2\/pages\/140\/revisions\/767"}],"up":[{"embeddable":true,"href":"https:\/\/www.bielypotok.eu\/index.php?rest_route=\/wp\/v2\/pages\/14"}],"wp:attachment":[{"href":"https:\/\/www.bielypotok.eu\/index.php?rest_route=%2Fwp%2Fv2%2Fmedia&parent=140"}],"curies":[{"name":"wp","href":"https:\/\/api.w.org\/{rel}","templated":true}]}}