{"id":138,"date":"2012-05-28T18:47:42","date_gmt":"2012-05-28T18:47:42","guid":{"rendered":"http:\/\/www.bielypotok.eu\/?page_id=138"},"modified":"2012-09-16T20:53:02","modified_gmt":"2012-09-16T20:53:02","slug":"ms-biely-potok","status":"publish","type":"page","link":"https:\/\/www.bielypotok.eu\/?page_id=138","title":{"rendered":"M\u0160 Biely Potok"},"content":{"rendered":"ngg_shortcode_0_placeholder\n<p><em>Adresa:\u00a0<\/em><br \/>\n<em><strong>Matersk\u00e1 \u0161kola Biely Potok<\/strong><\/em><br \/>\n<em><strong>Hlavn\u00e1 26<\/strong><\/em><br \/>\n<em><strong>034 03 Ru\u017eomberok<\/strong><\/em><br \/>\n<em>Kontakt:\u00a0<strong>044\/4323428<\/strong><\/em><br \/>\n<em>E-mail:\u00a0<strong><a href=\"mailto:msbielypotok@gmail.com\">msbielypotok@gmail.com<\/a><\/strong><\/em><br \/>\n<em>Web:\u00a0<strong><a title=\"webstr\u00e1nka\" href=\"http:\/\/www.msbielypotok.sk\/\" target=\"_blank\">http:\/\/www.msbielypotok.sk\/<\/a><\/strong><\/em><\/p>\n<p><span style=\"text-align: justify;\">Matersk\u00e1 \u0161kola Ru\u017eomberok\u2013Biely Potok sa nach\u00e1dza v kr\u00e1snom \u00fadol\u00ed rieky Rev\u00faca pod vrchom Sidorovo. Star\u00e1 sa o v\u00fdchovu a vzdel\u00e1vanie najmen\u0161\u00edch ob\u010danov na\u0161ej mestskej \u010dasti. Je in\u0161tit\u00faciou, ktor\u00e1 propaguje vzdel\u00e1vanie a kult\u00faru.<\/span><\/p>\n<p style=\"text-align: justify;\">ngg_shortcode_1_placeholder<\/p>\n<p style=\"text-align: justify;\">Cie\u013eom \u0161koly je aby cez hru deti plnili jednotliv\u00e9 prvky po\u010d\u00edta\u010dovaj gramotnosti, prvky enviroment\u00e1lnej i region\u00e1lnej v\u00fdchovy a dosiahnu\u0165 optim\u00e1lnu perceptu\u00e1lno-motorick\u00fa, kognit\u00edvnu a citovo-soci\u00e1lnu \u00farove\u0148 pripravenosti det\u00ed na \u0161kolsk\u00e9 vzdel\u00e1vanie a na \u017eivot v spolo\u010dnosti.<\/p>\n<p style=\"text-align: justify;\">Vo v\u00fdchovno-vzdel\u00e1vacom procese naplni\u0165 t\u00fa\u017ebu die\u0165ata po kontakte s nov\u00fdmi technol\u00f3giami a t\u00fa\u017ebu po poznan\u00ed.<br \/>\nNovinkou bude vyu\u017e\u00edvanie tangramov pod\u013ea PC Tangram pre rozvoj kompetenci\u00ed det\u00ed pred\u0161kolsk\u00e9ho veku a dimenziu tvoriv\u00e9ho rozvoja eduka\u010dn\u00fdch \u010dinnost\u00ed v pred\u0161kolskom veku.<\/p>\n<p style=\"text-align: justify;\">\n","protected":false},"excerpt":{"rendered":"<p>Adresa:\u00a0 Matersk\u00e1 \u0161kola Biely Potok Hlavn\u00e1 26 034 03 Ru\u017eomberok Kontakt:\u00a0044\/4323428 E-mail:\u00a0msbielypotok@gmail.com Web:\u00a0http:\/\/www.msbielypotok.sk\/ Matersk\u00e1 \u0161kola Ru\u017eomberok\u2013Biely Potok sa nach\u00e1dza v kr\u00e1snom \u00fadol\u00ed rieky Rev\u00faca pod vrchom Sidorovo. Star\u00e1 sa o v\u00fdchovu a vzdel\u00e1vanie najmen\u0161\u00edch ob\u010danov na\u0161ej mestskej \u010dasti. Je in\u0161tit\u00faciou, ktor\u00e1 propaguje vzdel\u00e1vanie a kult\u00faru. Cie\u013eom \u0161koly je aby cez &#8230;<\/p>\n","protected":false},"author":1,"featured_media":0,"parent":14,"menu_order":3,"comment_status":"open","ping_status":"open","template":"","meta":{"ngg_post_thumbnail":0,"jetpack_post_was_ever_published":false,"footnotes":""},"class_list":["post-138","page","type-page","status-publish","hentry"],"jetpack_shortlink":"https:\/\/wp.me\/P2I76G-2e","jetpack_sharing_enabled":true,"_links":{"self":[{"href":"https:\/\/www.bielypotok.eu\/index.php?rest_route=\/wp\/v2\/pages\/138","targetHints":{"allow":["GET"]}}],"collection":[{"href":"https:\/\/www.bielypotok.eu\/index.php?rest_route=\/wp\/v2\/pages"}],"about":[{"href":"https:\/\/www.bielypotok.eu\/index.php?rest_route=\/wp\/v2\/types\/page"}],"author":[{"embeddable":true,"href":"https:\/\/www.bielypotok.eu\/index.php?rest_route=\/wp\/v2\/users\/1"}],"replies":[{"embeddable":true,"href":"https:\/\/www.bielypotok.eu\/index.php?rest_route=%2Fwp%2Fv2%2Fcomments&post=138"}],"version-history":[{"count":14,"href":"https:\/\/www.bielypotok.eu\/index.php?rest_route=\/wp\/v2\/pages\/138\/revisions"}],"predecessor-version":[{"id":790,"href":"https:\/\/www.bielypotok.eu\/index.php?rest_route=\/wp\/v2\/pages\/138\/revisions\/790"}],"up":[{"embeddable":true,"href":"https:\/\/www.bielypotok.eu\/index.php?rest_route=\/wp\/v2\/pages\/14"}],"wp:attachment":[{"href":"https:\/\/www.bielypotok.eu\/index.php?rest_route=%2Fwp%2Fv2%2Fmedia&parent=138"}],"curies":[{"name":"wp","href":"https:\/\/api.w.org\/{rel}","templated":true}]}}