{"id":134,"date":"2012-05-28T18:46:37","date_gmt":"2012-05-28T18:46:37","guid":{"rendered":"http:\/\/www.bielypotok.eu\/?page_id=134"},"modified":"2023-03-09T14:08:58","modified_gmt":"2023-03-09T12:08:58","slug":"rimsko-katolicka-cirkev","status":"publish","type":"page","link":"https:\/\/www.bielypotok.eu\/?page_id=134","title":{"rendered":"Farnos\u0165"},"content":{"rendered":"<h4><strong>R\u00edmsko Katol\u00edcka Farnos\u0165, Biely Potok<\/strong><\/h4>\n<p>(s fili\u00e1lkami Vlkol\u00ednec, Podsuch\u00e1 a Smrekovica)<br>ngg_shortcode_0_placeholder<\/p>\n<address>\n<h4 class=\"v1MsoNormal\"><span style=\"color: #ff0000;\"><strong>Milodar na kostol a farsk\u00e9 potreby:<\/strong><\/span><\/h4>\n<h4 class=\"v1MsoNormal\"><span style=\"color: #ff0000;\"><strong>R\u00edmskokatol\u00edcky farsk\u00fd \u00farad Biely Potok<\/strong><\/span><\/h4>\n<h4 class=\"v1MsoNormal\"><span style=\"color: #ff0000;\"><strong>IBAN: SK6609000000000056711514<\/strong><\/span><\/h4>\n<\/address>\n<address><em>Adresa:<\/em><\/address>\n<address style=\"text-align: left;\"><em><strong>R\u00edmsko Katol\u00edcka Farnos\u0165<\/strong><\/em><br><em> <strong>Kostol Nanebovzatia Panny<\/strong><\/em><br><em> <strong>Biely Potok, SNP 12,&nbsp;034 03 Ru\u017eomberok 3<\/strong><\/em><\/address>\n<address><em>R\u00edmskokatol\u00edcky k\u0148az a spr\u00e1vca farnosti: <strong>Henryk Sitek<\/strong><\/em><\/address>\n<address><em>Kontakt: <strong>0903 660 903<\/strong><\/em><\/address>\n<address><em>Kontakt:&nbsp;<strong>044\/432 31 66<\/strong><\/em><\/address>\n<address><em>E-mail:&nbsp;<strong><a href=\"mailto:biely_potok@kapitula.sk\">biely_potok@kapitula.sk<\/a><\/strong><\/em><\/address>\n<address><em>E-mail: <strong><a href=\"mailto:henrykfara@windowslive.com\">henrykfara@windowslive.com<\/a><\/strong><\/em><\/address>\n<address>Pozrite si <strong><a title=\"Farsk\u00e9 oznamy\" href=\"https:\/\/drive.google.com\/drive\/folders\/180zWzVGHYQiWyBMe1JIwdakXSVXC1tsZ\" target=\"_blank\" rel=\"noopener noreferrer\">farsk\u00e9 oznamy<\/a><\/strong> a&nbsp;<strong><a title=\"Fotogal\u00e9ria farnosti\" href=\"https:\/\/drive.google.com\/drive\/folders\/1XEg16JURRCYAN2jXa_Jahz2nRB0BR-eU\" target=\"_blank\" rel=\"noopener noreferrer\">fotogal\u00e9riu farnosti<\/a><\/strong>.<\/address>\n<p><a href=\"https:\/\/www.youtube.com\/channel\/UCPQMIbKdcdCa8iUt4iVzb9Q\/live\" target=\"_blank\" rel=\"noopener noreferrer\"><span style=\"color: #ff6600;\"><strong>\u017div\u00e1 kamera z Kostola Nanebovzatia Panny M\u00e1rie Biely Potok<\/strong><\/span><\/a><br><a href=\"https:\/\/www.youtube.com\/channel\/UCPQMIbKdcdCa8iUt4iVzb9Q\/live\" target=\"_blank\" rel=\"attachment noopener wp-att-12830 noreferrer\"><img data-recalc-dims=\"1\" loading=\"lazy\" decoding=\"async\" class=\"alignnone size-full wp-image-12830\" src=\"https:\/\/i0.wp.com\/www.bielypotok.eu\/wp-content\/uploads\/kostol7.jpg?resize=640%2C360&#038;ssl=1\" alt=\"\" width=\"640\" height=\"360\"><\/a><\/p>\nngg_shortcode_1_placeholder\n\n\n<p><\/p>\n","protected":false},"excerpt":{"rendered":"<p>R\u00edmsko Katol\u00edcka Farnos\u0165, Biely Potok (s fili\u00e1lkami Vlkol\u00ednec, Podsuch\u00e1 a Smrekovica) Milodar na kostol a farsk\u00e9 potreby: R\u00edmskokatol\u00edcky farsk\u00fd \u00farad Biely Potok IBAN: SK6609000000000056711514 Adresa: R\u00edmsko Katol\u00edcka Farnos\u0165 Kostol Nanebovzatia Panny Biely Potok, SNP 12,&nbsp;034 03 Ru\u017eomberok 3 R\u00edmskokatol\u00edcky k\u0148az a spr\u00e1vca farnosti: Henryk Sitek Kontakt: 0903 660 903 Kontakt:&nbsp;044\/432 &#8230;<\/p>\n","protected":false},"author":1,"featured_media":0,"parent":0,"menu_order":1,"comment_status":"open","ping_status":"open","template":"","meta":{"ngg_post_thumbnail":0,"jetpack_post_was_ever_published":false,"footnotes":""},"class_list":["post-134","page","type-page","status-publish","hentry"],"jetpack_shortlink":"https:\/\/wp.me\/P2I76G-2a","jetpack_sharing_enabled":true,"_links":{"self":[{"href":"https:\/\/www.bielypotok.eu\/index.php?rest_route=\/wp\/v2\/pages\/134","targetHints":{"allow":["GET"]}}],"collection":[{"href":"https:\/\/www.bielypotok.eu\/index.php?rest_route=\/wp\/v2\/pages"}],"about":[{"href":"https:\/\/www.bielypotok.eu\/index.php?rest_route=\/wp\/v2\/types\/page"}],"author":[{"embeddable":true,"href":"https:\/\/www.bielypotok.eu\/index.php?rest_route=\/wp\/v2\/users\/1"}],"replies":[{"embeddable":true,"href":"https:\/\/www.bielypotok.eu\/index.php?rest_route=%2Fwp%2Fv2%2Fcomments&post=134"}],"version-history":[{"count":115,"href":"https:\/\/www.bielypotok.eu\/index.php?rest_route=\/wp\/v2\/pages\/134\/revisions"}],"predecessor-version":[{"id":14195,"href":"https:\/\/www.bielypotok.eu\/index.php?rest_route=\/wp\/v2\/pages\/134\/revisions\/14195"}],"wp:attachment":[{"href":"https:\/\/www.bielypotok.eu\/index.php?rest_route=%2Fwp%2Fv2%2Fmedia&parent=134"}],"curies":[{"name":"wp","href":"https:\/\/api.w.org\/{rel}","templated":true}]}}