{"id":12337,"date":"2019-05-12T17:41:44","date_gmt":"2019-05-12T15:41:44","guid":{"rendered":"https:\/\/www.bielypotok.eu\/?page_id=12337"},"modified":"2023-11-28T20:02:11","modified_gmt":"2023-11-28T18:02:11","slug":"ibv","status":"publish","type":"page","link":"https:\/\/www.bielypotok.eu\/?page_id=12337","title":{"rendered":"IBV Luhy &#8211; pozemky JP\u00da"},"content":{"rendered":"\n<p><strong>IBV &#8211; Individu\u00e1lna bytov\u00e1 v\u00fdstavba, bytov\u00e9 domy Biely Potok &#8211; Luhy<\/strong><\/p>\n\n\n\n<p><strong><a rel=\"noreferrer noopener\" href=\"http:\/\/www.bielypotok.eu\/wp-content\/uploads\/IBV_Luhy_mapa.pdf\" target=\"_blank\">IBV LUHY mapa (PDF)<\/a><\/strong><\/p>\n\n\n\n<p><strong>Zoznam nezn\u00e1mych vlastn\u00edkov &#8211; <\/strong>je to zoznam vlastn\u00edkov (poru\u010dite\u013eov) aj s parcelami, ktor\u00e9 v ramci obvodu Luhy treba prededi\u0165 na domnel\u00fdch dedi\u010dov. <\/p>\n\n\n\n<p><strong>Jednoduch\u00e9 pozemkov\u00e9 \u00fapravy (JP\u00da)<\/strong> &#8211; usporiadanie vlastn\u00edckych vz\u0165ahov a scelenie po\u013enohospod\u00e1rskej p\u00f4dy pre v\u00fdstavbu rodinn\u00fdch domov v lokalite Biely Potok  &#8211; Luhy<\/p>\n\n\n\n<p><strong>Potrebn\u00e9 prv\u00e9 kroky:<\/strong><\/p>\n\n\n\n<ol class=\"wp-block-list\"><li>S\u00fahlas vlastn\u00edkov s usporiadan\u00edm vlastn\u00edctva v r\u00e1mci jednoduch\u00fdch pozemkov\u00fdch \u00faprav (JP\u00da) &#8211; (zaslan\u00fd anketov\u00fd l\u00edstok z Ms\u00da Ru\u017eomberok)<\/li><li>Vysporiadanie vlastn\u00edckych vz\u0165ahov &#8211; PREDEDENIE<\/li><\/ol>\n\n\n\n<p><strong><a rel=\"noreferrer noopener\" href=\"http:\/\/www.bielypotok.eu\/wp-content\/uploads\/IBV_Luhy_navrh-na-dodatocne-dedicske-konanie.pdf\" target=\"_blank\">IBV LUHY N\u00e1vrh na dodato\u010dn\u00e9 dedi\u010dsk\u00e9 konanie (PDF)<\/a><\/strong><\/p>\n\n\n\n<p>S t\u00fdmto n\u00e1vrhom (poplatok 6,5 \u20ac) je potrebne oslovi\u0165 s\u00fad, ktor\u00fd rie\u0161il prvotn\u00e9 dedi\u010dsk\u00e9 konanie po poru\u010dite\u013eovi.<\/p>\n\n\n\n<ul class=\"wp-block-list\"><li><em>do roku 1954 \u2013 prejedn\u00e1val s\u00fad v Ru\u017eomberku <\/em><\/li><li><em>obdobie rokov od 1954-1997 \u2013 s\u00fad v Lipt. Mikul\u00e1\u0161i<\/em><\/li><li><em>od roku 1997 &#8211; s\u00fad v Ru\u017eomberku <\/em><\/li><\/ul>\n\n\n\n<p><strong>Je d\u00f4le\u017eit\u00e9,<\/strong> aby si domnel\u00ed dedi\u010di do n\u00e1vrhu na dodato\u010dn\u00e9 dedi\u010dsk\u00e9 konanie <strong>zap\u00edsali v\u0161etky parcely poru\u010dite\u013ea<\/strong> (pozrie\u0165 na K\u00da) aj mimo lokality Biely Potok &#8211; Luhy z d\u00f4vodu mo\u017enosti jednor\u00e1zov\u00e9ho prededenia za jeden poplatok.<\/p>\n\n\n\n<p>Tento n\u00e1vrh si m\u00f4\u017eete ako domnel\u00ed dedi\u010di nap\u00edsa\u0165 aj sami, av\u0161ak n\u00e1vrh mus\u00ed obsahova\u0165 v\u0161etky n\u00e1le\u017eitosti \u2013 ak to nebudete vedie\u0165 treba oslovi\u0165 not\u00e1ra, ktor\u00fd V\u00e1m n\u00e1vrh nap\u00ed\u0161e. <\/p>\n\n\n\n<p>Po prededen\u00ed sa uskuto\u010dn\u00ed verejn\u00e9 stretnutie, kde sa k obozn\u00e1mite o \u010fal\u0161om procese k predmetn\u00e9mu projektu Biely Potok &#8211; Luhy.<\/p>\n\n\n\n<p><strong>Bli\u017e\u0161ie inform\u00e1cie poskytne: <\/strong><br>Mestsk\u00fd \u00farad Ru\u017eomberok, N\u00e1mestie A. Hlinku 1 034 01 Ru\u017eomberok \u2013 oddelenie pr\u00e1vnych slu\u017eieb, <strong>Mgr. Michaela Bukov\u00e1<\/strong>, tel. 044\/4314478, bukova@ruzomberok.sk, <strong>Vojtech Macko<\/strong>, tel. 0907 802 686, mackov3@yahoo.com<\/p>\n","protected":false},"excerpt":{"rendered":"<p>IBV &#8211; Individu\u00e1lna bytov\u00e1 v\u00fdstavba, bytov\u00e9 domy Biely Potok &#8211; Luhy IBV LUHY mapa (PDF) Zoznam nezn\u00e1mych vlastn\u00edkov &#8211; je to zoznam vlastn\u00edkov (poru\u010dite\u013eov) aj s parcelami, ktor\u00e9 v ramci obvodu Luhy treba prededi\u0165 na domnel\u00fdch dedi\u010dov. Jednoduch\u00e9 pozemkov\u00e9 \u00fapravy (JP\u00da) &#8211; usporiadanie vlastn\u00edckych vz\u0165ahov a scelenie po\u013enohospod\u00e1rskej p\u00f4dy pre &#8230;<\/p>\n","protected":false},"author":1,"featured_media":0,"parent":7,"menu_order":8,"comment_status":"closed","ping_status":"closed","template":"","meta":{"ngg_post_thumbnail":0,"jetpack_post_was_ever_published":false,"footnotes":""},"class_list":["post-12337","page","type-page","status-publish","hentry"],"jetpack_shortlink":"https:\/\/wp.me\/P2I76G-3cZ","jetpack_sharing_enabled":true,"_links":{"self":[{"href":"https:\/\/www.bielypotok.eu\/index.php?rest_route=\/wp\/v2\/pages\/12337","targetHints":{"allow":["GET"]}}],"collection":[{"href":"https:\/\/www.bielypotok.eu\/index.php?rest_route=\/wp\/v2\/pages"}],"about":[{"href":"https:\/\/www.bielypotok.eu\/index.php?rest_route=\/wp\/v2\/types\/page"}],"author":[{"embeddable":true,"href":"https:\/\/www.bielypotok.eu\/index.php?rest_route=\/wp\/v2\/users\/1"}],"replies":[{"embeddable":true,"href":"https:\/\/www.bielypotok.eu\/index.php?rest_route=%2Fwp%2Fv2%2Fcomments&post=12337"}],"version-history":[{"count":15,"href":"https:\/\/www.bielypotok.eu\/index.php?rest_route=\/wp\/v2\/pages\/12337\/revisions"}],"predecessor-version":[{"id":13586,"href":"https:\/\/www.bielypotok.eu\/index.php?rest_route=\/wp\/v2\/pages\/12337\/revisions\/13586"}],"up":[{"embeddable":true,"href":"https:\/\/www.bielypotok.eu\/index.php?rest_route=\/wp\/v2\/pages\/7"}],"wp:attachment":[{"href":"https:\/\/www.bielypotok.eu\/index.php?rest_route=%2Fwp%2Fv2%2Fmedia&parent=12337"}],"curies":[{"name":"wp","href":"https:\/\/api.w.org\/{rel}","templated":true}]}}