{"id":11459,"date":"2019-01-27T13:29:30","date_gmt":"2019-01-27T11:29:30","guid":{"rendered":"http:\/\/www.bielypotok.eu\/?page_id=11459"},"modified":"2019-01-27T13:33:34","modified_gmt":"2019-01-27T11:33:34","slug":"tajomna-chvila-pri-betleheme-2018","status":"publish","type":"page","link":"https:\/\/www.bielypotok.eu\/?page_id=11459","title":{"rendered":"Tajomn\u00e1 chv\u00ed\u013ea pri Betleheme 2018"},"content":{"rendered":"\n<h4 class=\"wp-block-heading\">16. december 2018<\/h4>\n\n\nngg_shortcode_0_placeholder\n","protected":false},"excerpt":{"rendered":"<p>16. december 2018<\/p>\n","protected":false},"author":1,"featured_media":0,"parent":183,"menu_order":0,"comment_status":"closed","ping_status":"closed","template":"","meta":{"ngg_post_thumbnail":0,"jetpack_post_was_ever_published":false,"footnotes":""},"class_list":["post-11459","page","type-page","status-publish","hentry"],"jetpack_shortlink":"https:\/\/wp.me\/P2I76G-2YP","jetpack_sharing_enabled":true,"_links":{"self":[{"href":"https:\/\/www.bielypotok.eu\/index.php?rest_route=\/wp\/v2\/pages\/11459","targetHints":{"allow":["GET"]}}],"collection":[{"href":"https:\/\/www.bielypotok.eu\/index.php?rest_route=\/wp\/v2\/pages"}],"about":[{"href":"https:\/\/www.bielypotok.eu\/index.php?rest_route=\/wp\/v2\/types\/page"}],"author":[{"embeddable":true,"href":"https:\/\/www.bielypotok.eu\/index.php?rest_route=\/wp\/v2\/users\/1"}],"replies":[{"embeddable":true,"href":"https:\/\/www.bielypotok.eu\/index.php?rest_route=%2Fwp%2Fv2%2Fcomments&post=11459"}],"version-history":[{"count":1,"href":"https:\/\/www.bielypotok.eu\/index.php?rest_route=\/wp\/v2\/pages\/11459\/revisions"}],"predecessor-version":[{"id":11518,"href":"https:\/\/www.bielypotok.eu\/index.php?rest_route=\/wp\/v2\/pages\/11459\/revisions\/11518"}],"up":[{"embeddable":true,"href":"https:\/\/www.bielypotok.eu\/index.php?rest_route=\/wp\/v2\/pages\/183"}],"wp:attachment":[{"href":"https:\/\/www.bielypotok.eu\/index.php?rest_route=%2Fwp%2Fv2%2Fmedia&parent=11459"}],"curies":[{"name":"wp","href":"https:\/\/api.w.org\/{rel}","templated":true}]}}